{"id":17354,"date":"2024-10-28T14:08:06","date_gmt":"2024-10-28T13:08:06","guid":{"rendered":"https:\/\/ticketchainer.com?page_id=17354"},"modified":"2025-01-10T04:02:10","modified_gmt":"2025-01-10T03:02:10","slug":"tc-btoc","status":"publish","type":"page","link":"https:\/\/ticketchainer.com\/en\/tc-btoc\/","title":{"rendered":"TC BtoC"},"content":{"rendered":"<div class=\"wpb-content-wrapper\"><div class=\"vc-custom-col-spacing clearfix vc-col-spacing-30\"><section class=\"wpb_row vc_row-fluid row-content-position-Default\"><div class=\"startflow-container\"><div class=\"row-inner clearfix\"><div class=\"wpb_column vc_column_container vc_col-sm-12\"><div class=\"vc_column-inner\"><div class=\"wpb_wrapper\">\r\n\t<div class=\"startflow-spacer clearfix\" data-desktop=\"60\" data-mobi=\"40\" data-smobi=\"40\"><\/div><div class=\"startflow-content-box clearfix\" ><div class=\"vc-custom-col-inner-spacing clearfix vc-col-inner-spacing-30\"><div class=\"wpb_row vc_inner vc_row-fluid\"><div class=\"wpb_column vc_column_container vc_col-sm-4\"><div class=\"vc_column-inner\"><div class=\"wpb_wrapper\"><div class=\"ult-new-ib ult-ib-effect-style2  ult-ib-resp ult-ib2-min-height\" data-min-width=\"768\" data-max-width=\"900\" style=\" opacity:0; \" data-opacity=\"1\" data-hover-opacity=\"1\"  data-min-height=\"450\" ><img decoding=\"async\" class=\"ult-new-ib-img\" style=\"opacity:1;\" alt=\"null\" src=\"https:\/\/ticketchainer.com\/wp-content\/uploads\/2024\/10\/billetterie-en-ligne-tc-btoc.png\"  data-min-height=\"450\"   \/><div id=\"interactive-banner-wrap-2459\" class=\"ult-new-ib-desc\" style=\"\"><h2 class=\"ult-new-ib-title ult-responsive\"  data-ultimate-target='#interactive-banner-wrap-2459 .ult-new-ib-title'  data-responsive-json-new='{\"font-size\":\"desktop:22px;\",\"line-height\":\"\"}'  style=\"font-weight:bold;\">Online ticketing<\/h2><div class=\"ult-new-ib-content ult-responsive\"  data-ultimate-target='#interactive-banner-wrap-2459 .ult-new-ib-content'  data-responsive-json-new='{\"font-size\":\"desktop:16px;\",\"line-height\":\"\"}'  style=\"font-weight:normal;\"><p>Complete out-of-the-box or fully customized solution: the flexibility to choose the approach that best suits your event<\/p><a class=\"ult-new-ib-readmore-link\" href=\"https:\/\/ticketchainer.com\/en\/?page_id=17356\" title=\"Online ticketing\"  ><span>Read more<\/span><\/a><\/div><\/div><a class=\"ult-new-ib-link\" href=\"https:\/\/ticketchainer.com\/en\/?page_id=17356\" title=\"Online ticketing\"  ><\/a><\/div><\/div><\/div><\/div><div class=\"wpb_column vc_column_container vc_col-sm-4\"><div class=\"vc_column-inner\"><div class=\"wpb_wrapper\"><div class=\"ult-new-ib ult-ib-effect-style2  ult-ib-resp ult-ib2-min-height\" data-min-width=\"768\" data-max-width=\"900\" style=\" opacity:0; \" data-opacity=\"1\" data-hover-opacity=\"1\"  data-min-height=\"450\" ><img decoding=\"async\" class=\"ult-new-ib-img\" style=\"opacity:1;\" alt=\"null\" src=\"https:\/\/ticketchainer.com\/wp-content\/uploads\/2024\/10\/Backoffice-Primedesk-tc-btoc.png\"  data-min-height=\"450\"   \/><div id=\"interactive-banner-wrap-9606\" class=\"ult-new-ib-desc\" style=\"\"><h2 class=\"ult-new-ib-title ult-responsive\"  data-ultimate-target='#interactive-banner-wrap-9606 .ult-new-ib-title'  data-responsive-json-new='{\"font-size\":\"desktop:22px;\",\"line-height\":\"\"}'  style=\"font-weight:bold;\">Primedesk Backoffice<\/h2><div class=\"ult-new-ib-content ult-responsive\"  data-ultimate-target='#interactive-banner-wrap-9606 .ult-new-ib-content'  data-responsive-json-new='{\"font-size\":\"desktop:16px;\",\"line-height\":\"\"}'  style=\"font-weight:normal;\"><p>A powerful steering back-of\ufb01ce for total control over all your platforms and events, centralizing multi-channel sales and distribution management<\/p><a class=\"ult-new-ib-readmore-link\" href=\"https:\/\/ticketchainer.com\/en\/?page_id=17400\" title=\"Online ticketing\"  ><span>Read more<\/span><\/a><\/div><\/div><a class=\"ult-new-ib-link\" href=\"https:\/\/ticketchainer.com\/en\/?page_id=17400\" title=\"Online ticketing\"  ><\/a><\/div><\/div><\/div><\/div><div class=\"wpb_column vc_column_container vc_col-sm-4\"><div class=\"vc_column-inner\"><div class=\"wpb_wrapper\"><div class=\"ult-new-ib ult-ib-effect-style2  ult-ib-resp ult-ib2-min-height\" data-min-width=\"768\" data-max-width=\"900\" style=\" opacity:0; \" data-opacity=\"1\" data-hover-opacity=\"1\"  data-min-height=\"450\" ><img decoding=\"async\" class=\"ult-new-ib-img\" style=\"opacity:1;\" alt=\"null\" src=\"https:\/\/ticketchainer.com\/wp-content\/uploads\/2024\/10\/Plateforme-de-revente-tc-btoc.png\"  data-min-height=\"450\"   \/><div id=\"interactive-banner-wrap-2584\" class=\"ult-new-ib-desc\" style=\"\"><h2 class=\"ult-new-ib-title ult-responsive\"  data-ultimate-target='#interactive-banner-wrap-2584 .ult-new-ib-title'  data-responsive-json-new='{\"font-size\":\"desktop:22px;\",\"line-height\":\"\"}'  style=\"font-weight:bold;\">Resale platform<\/h2><div class=\"ult-new-ib-content ult-responsive\"  data-ultimate-target='#interactive-banner-wrap-2584 .ult-new-ib-content'  data-responsive-json-new='{\"font-size\":\"desktop:16px;\",\"line-height\":\"\"}'  style=\"font-weight:normal;\"><p>Resale of tickets in complete security, directly on the event's official ticketing service, with full control over parameters such as price limits, quotas and opening periods.<\/p><a class=\"ult-new-ib-readmore-link\" href=\"https:\/\/ticketchainer.com\/en\/?page_id=17404\" title=\"Online ticketing\"  ><span>Read more<\/span><\/a><\/div><\/div><a class=\"ult-new-ib-link\" href=\"https:\/\/ticketchainer.com\/en\/?page_id=17404\" title=\"Online ticketing\"  ><\/a><\/div><\/div><\/div><\/div><\/div><\/div><\/div>\r\n\t<div class=\"startflow-spacer clearfix\" data-desktop=\"35\" data-mobi=\"20\" data-smobi=\"20\"><\/div><div class=\"startflow-content-box clearfix\" ><div class=\"vc-custom-col-inner-spacing clearfix vc-col-inner-spacing-30\"><div class=\"wpb_row vc_inner vc_row-fluid\"><div class=\"wpb_column vc_column_container vc_col-sm-2\"><div class=\"vc_column-inner\"><div class=\"wpb_wrapper\"><\/div><\/div><\/div><div class=\"wpb_column vc_column_container vc_col-sm-4\"><div class=\"vc_column-inner\"><div class=\"wpb_wrapper\"><div class=\"ult-new-ib ult-ib-effect-style2  ult-ib-resp ult-ib2-min-height\" data-min-width=\"768\" data-max-width=\"900\" style=\" opacity:0; \" data-opacity=\"1\" data-hover-opacity=\"1\"  data-min-height=\"450\" ><img decoding=\"async\" class=\"ult-new-ib-img\" style=\"opacity:1;\" alt=\"null\" src=\"https:\/\/ticketchainer.com\/wp-content\/uploads\/2024\/10\/Gestion-des-points-de-vente-physique-tc-btoc.png\"  data-min-height=\"450\"   \/><div id=\"interactive-banner-wrap-5590\" class=\"ult-new-ib-desc\" style=\"\"><h2 class=\"ult-new-ib-title ult-responsive\"  data-ultimate-target='#interactive-banner-wrap-5590 .ult-new-ib-title'  data-responsive-json-new='{\"font-size\":\"desktop:22px;\",\"line-height\":\"\"}'  style=\"font-weight:bold;\">Management of physical points of sale<\/h2><div class=\"ult-new-ib-content ult-responsive\"  data-ultimate-target='#interactive-banner-wrap-5590 .ult-new-ib-content'  data-responsive-json-new='{\"font-size\":\"desktop:16px;\",\"line-height\":\"\"}'  style=\"font-weight:normal;\"><p>Thanks to an intuitive interface, you can easily configure your on-site points of sale for smooth ticketing management at your events.<\/p><a class=\"ult-new-ib-readmore-link\" href=\"https:\/\/ticketchainer.com\/en\/?page_id=17409\"  ><span>Read more<\/span><\/a><\/div><\/div><a class=\"ult-new-ib-link\" href=\"https:\/\/ticketchainer.com\/en\/?page_id=17409\"  ><\/a><\/div><\/div><\/div><\/div><div class=\"wpb_column vc_column_container vc_col-sm-4\"><div class=\"vc_column-inner\"><div class=\"wpb_wrapper\"><div class=\"ult-new-ib ult-ib-effect-style2  ult-ib-resp ult-ib2-min-height\" data-min-width=\"768\" data-max-width=\"900\" style=\" opacity:0; \" data-opacity=\"1\" data-hover-opacity=\"1\"  data-min-height=\"450\" ><img decoding=\"async\" class=\"ult-new-ib-img\" style=\"opacity:1;\" alt=\"null\" src=\"https:\/\/ticketchainer.com\/wp-content\/uploads\/2024\/10\/File-dattente-et-gestion-des-pics-de-trafic-tc-btoc.png\"  data-min-height=\"450\"   \/><div id=\"interactive-banner-wrap-2810\" class=\"ult-new-ib-desc\" style=\"\"><h2 class=\"ult-new-ib-title ult-responsive\"  data-ultimate-target='#interactive-banner-wrap-2810 .ult-new-ib-title'  data-responsive-json-new='{\"font-size\":\"desktop:22px;\",\"line-height\":\"\"}'  style=\"font-weight:bold;\">Virtual queueing<\/h2><div class=\"ult-new-ib-content ult-responsive\"  data-ultimate-target='#interactive-banner-wrap-2810 .ult-new-ib-content'  data-responsive-json-new='{\"font-size\":\"desktop:16px;\",\"line-height\":\"\"}'  style=\"font-weight:normal;\"><p>Ensure 100% ticketing availability, even during peak periods, with our robust, high-performance virtual queuing solution.<\/p><a class=\"ult-new-ib-readmore-link\" href=\"https:\/\/ticketchainer.com\/en\/?page_id=17414\" title=\"Queuing and peak traffic management\"  ><span>Read more<\/span><\/a><\/div><\/div><a class=\"ult-new-ib-link\" href=\"https:\/\/ticketchainer.com\/en\/?page_id=17414\" title=\"Queuing and peak traffic management\"  ><\/a><\/div><\/div><\/div><\/div><div class=\"wpb_column vc_column_container vc_col-sm-2\"><div class=\"vc_column-inner\"><div class=\"wpb_wrapper\"><\/div><\/div><\/div><\/div><\/div><\/div>\r\n\t<div class=\"startflow-spacer clearfix\" data-desktop=\"60\" data-mobi=\"40\" data-smobi=\"40\"><\/div><\/div><\/div><\/div><\/div><\/div><\/section><\/div><div class=\"vc-custom-col-spacing clearfix vc-col-spacing-30\"><section class=\"wpb_row vc_row-fluid hide-desktop no-padding row-content-position-Default\"><div class=\"row-inner clearfix\"><div class=\"wpb_column vc_column_container vc_col-sm-12\"><div class=\"vc_column-inner\"><div class=\"wpb_wrapper\"><div class=\"startflow-simple-image text-center\" style=\"\" >\r\n\t\t\t<img decoding=\"async\" alt=\"image\" src=\"https:\/\/ticketchainer.com\/wp-content\/uploads\/2024\/10\/Groupe-44523.png\" \/> \r\n\t\t<\/div><\/div><\/div><\/div><\/div><\/section><\/div><div class=\"vc-custom-col-spacing clearfix vc-col-spacing-30\"><section class=\"wpb_row vc_row-fluid bottom-section col-aside-img row-content-position-middle row-equal-height\"><div class=\"image-container img-simple vc_col-sm-6 aside-right\"><div class=\"background-image\" style=\"background-image: url(https:\/\/ticketchainer.com\/wp-content\/uploads\/2024\/10\/Groupe-44523.png);\"><\/div><\/div><div class=\"startflow-container\"><div class=\"row-inner clearfix\"><div class=\"wpb_column vc_column_container vc_col-sm-6\"><div class=\"vc_column-inner\"><div class=\"wpb_wrapper\">\r\n\t<div class=\"startflow-spacer clearfix\" data-desktop=\"80\" data-mobi=\"60\" data-smobi=\"60\"><\/div><div class=\"startflow-headings clearfix\" data-font=\"25\" style=\"\"><h4 class=\"heading clearfix\" style=\"color:#050964;line-height:30px;margin-bottom:12px;font-size:25px;\">\r\n\t\tFind the offer best suited to your needs\r\n\t<\/h4><div class=\"extra-content clearfix\" style=\"\">\r\n\t\t<p>Sports clubs, exhibitors, event organizers, Ticketchainer has the solution you need.<\/p>\n\r\n\t<\/div><\/div>\r\n\t<div class=\"startflow-spacer clearfix\" data-desktop=\"10\" data-mobi=\"10\" data-smobi=\"10\"><\/div><div class=\"button-wrap icon-right\" style=\"\" ><a href=\"https:\/\/form.typeform.com\/to\/OWFbdOl4?typeform-source=ticketchainer.com\" target=\"_blank\" class=\"startflow-button btn-185002373 medium no_icon accent custom\" style=\"border-radius:3px;\"  data-text=\"#ffffff\" data-text-hover=\"#ffffff\" data-background-hover=\"#071e57\">\r\n\t\t<span style=\"\">Request a demo <\/span>\r\n\t<\/a><\/div><div class=\"button-wrap icon-right\" style=\"\" ><a href=\"https:\/\/form.typeform.com\/to\/OWFbdOl4?typeform-source=ticketchainer.com\" target=\"_blank\" class=\"startflow-button btn-182660281 medium no_icon custom custom\" style=\"border-radius:8px;\"  data-background=\"#ffffff\" data-text=\"#050964\" data-text-hover=\"#ffffff\" data-background-hover=\"#071e57\">\r\n\t\t<span style=\"\">Contact a sales manager <\/span>\r\n\t<\/a><\/div>\r\n\t<div class=\"startflow-spacer clearfix\" data-desktop=\"80\" data-mobi=\"60\" data-smobi=\"60\"><\/div><\/div><\/div><\/div><div class=\"wpb_column vc_column_container vc_col-sm-6\"><div class=\"vc_column-inner\"><div class=\"wpb_wrapper\"><\/div><\/div><\/div><\/div><\/div><\/section><\/div>\n<\/div>","protected":false},"excerpt":{"rendered":"Billetterie en ligneSolution compl\u00e8te pr\u00eate \u00e0 l\u2019emploi ou enti\u00e8rement personnalis\u00e9e : la flexibilit\u00e9 de choisir l\u2019approche qui correspond le mieux \u00e0 votre \u00e9v\u00e9nementRead moreBackoffice PrimedeskBack-of\ufb01ce de pilotage puissant pour un contr\u00f4le total sur l\u2019ensemble de vos plateformes et \u00e9v\u00e9nements, centralisant la gestion de la vente et de la distribution multicanaleRead","protected":false},"author":1,"featured_media":0,"parent":0,"menu_order":0,"comment_status":"closed","ping_status":"closed","template":"templates\/page-services.php","meta":{"_seopress_robots_primary_cat":"","_seopress_titles_title":"","_seopress_titles_desc":"","_seopress_robots_index":"","inline_featured_image":false,"footnotes":""},"class_list":["post-17354","page","type-page","status-publish","hentry"],"_links":{"self":[{"href":"https:\/\/ticketchainer.com\/en\/wp-json\/wp\/v2\/pages\/17354","targetHints":{"allow":["GET"]}}],"collection":[{"href":"https:\/\/ticketchainer.com\/en\/wp-json\/wp\/v2\/pages"}],"about":[{"href":"https:\/\/ticketchainer.com\/en\/wp-json\/wp\/v2\/types\/page"}],"author":[{"embeddable":true,"href":"https:\/\/ticketchainer.com\/en\/wp-json\/wp\/v2\/users\/1"}],"replies":[{"embeddable":true,"href":"https:\/\/ticketchainer.com\/en\/wp-json\/wp\/v2\/comments?post=17354"}],"version-history":[{"count":24,"href":"https:\/\/ticketchainer.com\/en\/wp-json\/wp\/v2\/pages\/17354\/revisions"}],"predecessor-version":[{"id":18024,"href":"https:\/\/ticketchainer.com\/en\/wp-json\/wp\/v2\/pages\/17354\/revisions\/18024"}],"wp:attachment":[{"href":"https:\/\/ticketchainer.com\/en\/wp-json\/wp\/v2\/media?parent=17354"}],"curies":[{"name":"wp","href":"https:\/\/api.w.org\/{rel}","templated":true}]}}