{"id":17356,"date":"2024-10-28T14:09:18","date_gmt":"2024-10-28T13:09:18","guid":{"rendered":"https:\/\/ticketchainer.com?page_id=17356"},"modified":"2025-01-10T04:01:18","modified_gmt":"2025-01-10T03:01:18","slug":"billetterie-en-ligne","status":"publish","type":"page","link":"https:\/\/ticketchainer.com\/en\/tc-btoc\/billetterie-en-ligne\/","title":{"rendered":"Online ticketing"},"content":{"rendered":"<div class=\"wpb-content-wrapper\"><div class=\"vc-custom-col-spacing clearfix vc-col-spacing-0px\"><section class=\"wpb_row vc_row-fluid vc_custom_1734560016752 vc_row-has-fill row-content-position-Default\"><div class=\"startflow-container\"><div class=\"row-inner clearfix\"><div class=\"wpb_column vc_column_container vc_col-sm-12\"><div class=\"vc_column-inner\"><div class=\"wpb_wrapper\">\r\n\t<div class=\"startflow-spacer clearfix\" data-desktop=\"60\" data-mobi=\"60\" data-smobi=\"60\"><\/div><div class=\"startflow-headings clearfix\" data-font=\"20\" style=\"\"><h4 class=\"heading clearfix\" style=\"color:#050964;line-height:28px;margin-bottom:20px;font-size:20px;\">\r\n\t\tWhether you need an out-of-the-box solution or a fully customized platform, Ticketchainer gives you the flexibility to choose the approach that best suits your event.\r\n\t<\/h4><\/div><\/div><\/div><\/div><\/div><\/div><\/section><\/div><div class=\"vc-custom-col-spacing clearfix vc-col-spacing-30\"><section class=\"wpb_row vc_row-fluid home-service-details row-content-position-Default\"><div class=\"startflow-container\"><div class=\"row-inner clearfix\"><div class=\"wpb_column vc_column_container vc_col-sm-12\"><div class=\"vc_column-inner\"><div class=\"wpb_wrapper\">\r\n\t<div class=\"startflow-spacer clearfix\" data-desktop=\"60\" data-mobi=\"60\" data-smobi=\"60\"><\/div><div class=\"startflow-content-box clearfix\" ><div class=\"vc-custom-col-inner-spacing clearfix vc-col-inner-spacing-30\"><div class=\"wpb_row vc_inner vc_row-fluid reverse-columns image-shadow\"><div class=\"wpb_column vc_column_container vc_col-sm-6\"><div class=\"vc_column-inner\"><div class=\"wpb_wrapper\"><div class=\"startflow-headings clearfix\"  style=\"\"><h2 class=\"heading clearfix\" style=\"color:#246cf1;\">\r\n\t\tOff-the-shelf solutions\r\n\t<\/h2><p class=\"sub-heading clearfix\" style=\"font-style:normal;color:#050964;margin-bottom:20px;\">\r\n\t\tReady to use, easy to configure\r\n\t<\/p><div class=\"extra-content clearfix\" style=\"\">\r\n\t\t<p><strong>Turnkey tools :<\/strong> Our off-the-shelf solutions are ready for immediate use. You can get started quickly with a robust platform, while customizing settings to match your event's needs.<\/p>\n<p><strong>Optimized for all events :<\/strong> This solution is perfect for organizers looking to rapidly deploy high-performance ticketing for large-scale events.<\/p>\n\r\n\t<\/div><\/div><\/div><\/div><\/div><div class=\"wpb_column vc_column_container vc_col-sm-6\"><div class=\"vc_column-inner\"><div class=\"wpb_wrapper\"><div class=\"startflow-simple-image text-center\" style=\"\" >\r\n\t\t\t<img decoding=\"async\" alt=\"image\" src=\"https:\/\/ticketchainer.com\/wp-content\/uploads\/2024\/11\/Solutions-sur-etageres-1.svg\" \/> \r\n\t\t<\/div><\/div><\/div><\/div><\/div><\/div><\/div>\r\n\t<div class=\"startflow-spacer clearfix\" data-desktop=\"45\" data-mobi=\"30\" data-smobi=\"30\"><\/div><div class=\"startflow-content-box clearfix\" ><div class=\"vc-custom-col-inner-spacing clearfix vc-col-inner-spacing-30\"><div class=\"wpb_row vc_inner vc_row-fluid image-shadow\"><div class=\"wpb_column vc_column_container vc_col-sm-6\"><div class=\"vc_column-inner\"><div class=\"wpb_wrapper\"><div class=\"startflow-simple-image text-center\" style=\"\" >\r\n\t\t\t<img decoding=\"async\" alt=\"image\" src=\"https:\/\/ticketchainer.com\/wp-content\/uploads\/2024\/11\/Solutions-sur-mesure.svg\" \/> \r\n\t\t<\/div><\/div><\/div><\/div><div class=\"wpb_column vc_column_container vc_col-sm-6\"><div class=\"vc_column-inner\"><div class=\"wpb_wrapper\"><div class=\"startflow-headings clearfix\"  style=\"\"><h2 class=\"heading clearfix\" style=\"color:#246cf1;\">\r\n\t\tTailor-made solutions\r\n\t<\/h2><p class=\"sub-heading clearfix\" style=\"font-style:normal;color:#050964;margin-bottom:20px;\">\r\n\t\ta fully personalized approach\r\n\t<\/p><div class=\"extra-content clearfix\" style=\"\">\r\n\t\t<p><strong>Unique ticketing for every event :<\/strong> For events with specific requirements, we offer a tailor-made solution that adapts exactly to your needs. From the design of the user interface to the integration of specific tools, every detail is designed to meet your expectations.<\/p>\n<p><strong>Dedicated support every step of the way :<\/strong> Take advantage of personalized support, from initial design to implementation, to ensure that your solution meets the specific needs of your event.<\/p>\n\r\n\t<\/div><\/div><\/div><\/div><\/div><\/div><\/div><\/div>\r\n\t<div class=\"startflow-spacer clearfix\" data-desktop=\"45\" data-mobi=\"30\" data-smobi=\"30\"><\/div><div class=\"startflow-content-box clearfix\" ><div class=\"vc-custom-col-inner-spacing clearfix vc-col-inner-spacing-30\"><div class=\"wpb_row vc_inner vc_row-fluid reverse-columns image-shadow\"><div class=\"wpb_column vc_column_container vc_col-sm-6\"><div class=\"vc_column-inner\"><div class=\"wpb_wrapper\"><div class=\"startflow-headings clearfix\"  style=\"\"><h2 class=\"heading clearfix\" style=\"color:#246cf1;\">\r\n\t\tCross selling\r\n\t<\/h2><p class=\"sub-heading clearfix\" style=\"font-style:normal;color:#050964;margin-bottom:20px;\">\r\n\t\tmaximize your sales opportunities\r\n\t<\/p><div class=\"extra-content clearfix\" style=\"\">\r\n\t\t<p>With Ticketchainer, ticketing isn't just about selling tickets. Our solutions integrate powerful cross-selling tools that enable you to offer complementary products, such as VIP packs, additional services or merchandising. Take advantage of this feature to increase your revenue per transaction while offering additional value to your attendees. A simple, effective strategy for maximizing your sales opportunities.<\/p>\n\r\n\t<\/div><\/div><\/div><\/div><\/div><div class=\"wpb_column vc_column_container vc_col-sm-6\"><div class=\"vc_column-inner\"><div class=\"wpb_wrapper\"><div class=\"startflow-simple-image text-center\" style=\"\" >\r\n\t\t\t<img decoding=\"async\" alt=\"image\" src=\"https:\/\/ticketchainer.com\/wp-content\/uploads\/2024\/11\/Cross-selling.svg\" \/> \r\n\t\t<\/div><\/div><\/div><\/div><\/div><\/div><\/div>\r\n\t<div class=\"startflow-spacer clearfix\" data-desktop=\"45\" data-mobi=\"30\" data-smobi=\"30\"><\/div><\/div><\/div><\/div><\/div><\/div><\/section><\/div><div class=\"vc-custom-col-spacing clearfix vc-col-spacing-30\"><section class=\"wpb_row vc_row-fluid row-content-position-Default\"><div class=\"startflow-container\"><div class=\"row-inner clearfix\"><div class=\"wpb_column vc_column_container vc_col-sm-12\"><div class=\"vc_column-inner\"><div class=\"wpb_wrapper\">\r\n\t<div class=\"startflow-spacer clearfix\" data-desktop=\"60\" data-mobi=\"40\" data-smobi=\"40\"><\/div><\/div><\/div><\/div><\/div><\/div><\/section><\/div><div class=\"vc-custom-col-spacing clearfix vc-col-spacing-30\"><section class=\"wpb_row vc_row-fluid hide-desktop no-padding row-content-position-Default\"><div class=\"row-inner clearfix\"><div class=\"wpb_column vc_column_container vc_col-sm-12\"><div class=\"vc_column-inner\"><div class=\"wpb_wrapper\"><div class=\"startflow-simple-image text-center\" style=\"\" >\r\n\t\t\t<img decoding=\"async\" alt=\"image\" src=\"https:\/\/ticketchainer.com\/wp-content\/uploads\/2024\/10\/Groupe-44523.png\" \/> \r\n\t\t<\/div><\/div><\/div><\/div><\/div><\/section><\/div><div class=\"vc-custom-col-spacing clearfix vc-col-spacing-30\"><section class=\"wpb_row vc_row-fluid bottom-section col-aside-img row-content-position-middle row-equal-height\"><div class=\"image-container img-simple vc_col-sm-6 aside-right\"><div class=\"background-image\" style=\"background-image: url(https:\/\/ticketchainer.com\/wp-content\/uploads\/2024\/10\/Groupe-44523.png);\"><\/div><\/div><div class=\"startflow-container\"><div class=\"row-inner clearfix\"><div class=\"wpb_column vc_column_container vc_col-sm-6\"><div class=\"vc_column-inner\"><div class=\"wpb_wrapper\">\r\n\t<div class=\"startflow-spacer clearfix\" data-desktop=\"80\" data-mobi=\"60\" data-smobi=\"60\"><\/div><div class=\"startflow-headings clearfix\" data-font=\"25\" style=\"\"><h4 class=\"heading clearfix\" style=\"color:#050964;line-height:30px;margin-bottom:12px;font-size:25px;\">\r\n\t\tFind the offer best suited to your needs\r\n\t<\/h4><div class=\"extra-content clearfix\" style=\"\">\r\n\t\t<p>Sports clubs, exhibitors, event organizers, Ticketchainer has the solution you need.<\/p>\n\r\n\t<\/div><\/div>\r\n\t<div class=\"startflow-spacer clearfix\" data-desktop=\"10\" data-mobi=\"10\" data-smobi=\"10\"><\/div><div class=\"button-wrap icon-right\" style=\"\" ><a href=\"https:\/\/form.typeform.com\/to\/OWFbdOl4?typeform-source=ticketchainer.com\" target=\"_blank\" class=\"startflow-button btn-1328844203 medium no_icon accent custom\" style=\"border-radius:3px;\"  data-text=\"#ffffff\" data-text-hover=\"#ffffff\" data-background-hover=\"#071e57\">\r\n\t\t<span style=\"\">Request a demo <\/span>\r\n\t<\/a><\/div>\r\n\t<div class=\"startflow-spacer clearfix\" data-desktop=\"5\" data-mobi=\"5\" data-smobi=\"5\"><\/div><div class=\"button-wrap icon-right\" style=\"\" ><a href=\"https:\/\/form.typeform.com\/to\/OWFbdOl4?typeform-source=ticketchainer.com\" target=\"_blank\" class=\"startflow-button btn-1935278860 medium no_icon custom custom\" style=\"border-radius:8px;\"  data-background=\"#ffffff\" data-text=\"#050964\" data-text-hover=\"#ffffff\" data-background-hover=\"#071e57\">\r\n\t\t<span style=\"\">Contact a sales manager <\/span>\r\n\t<\/a><\/div>\r\n\t<div class=\"startflow-spacer clearfix\" data-desktop=\"80\" data-mobi=\"60\" data-smobi=\"60\"><\/div><\/div><\/div><\/div><div class=\"wpb_column vc_column_container vc_col-sm-6\"><div class=\"vc_column-inner\"><div class=\"wpb_wrapper\"><\/div><\/div><\/div><\/div><\/div><\/section><\/div>\n<\/div>","protected":false},"excerpt":{"rendered":"Que vous ayez besoin d\u2019une solution pr\u00eate \u00e0 l\u2019emploi ou d\u2019une plateforme enti\u00e8rement personnalis\u00e9e, Ticketchainer vous offre la flexibilit\u00e9 de choisir l\u2019approche qui correspond le mieux \u00e0 votre \u00e9v\u00e9nement Solutions sur \u00e9tag\u00e8res Pr\u00eates \u00e0 l\u2019emploi, facilement configurables Des outils cl\u00e9s en main : Nos solutions sur \u00e9tag\u00e8res sont imm\u00e9diatement op\u00e9rationnelles.","protected":false},"author":1,"featured_media":0,"parent":17354,"menu_order":0,"comment_status":"closed","ping_status":"closed","template":"","meta":{"_seopress_robots_primary_cat":"","_seopress_titles_title":"","_seopress_titles_desc":"","_seopress_robots_index":"","inline_featured_image":false,"footnotes":""},"class_list":["post-17356","page","type-page","status-publish","hentry"],"_links":{"self":[{"href":"https:\/\/ticketchainer.com\/en\/wp-json\/wp\/v2\/pages\/17356","targetHints":{"allow":["GET"]}}],"collection":[{"href":"https:\/\/ticketchainer.com\/en\/wp-json\/wp\/v2\/pages"}],"about":[{"href":"https:\/\/ticketchainer.com\/en\/wp-json\/wp\/v2\/types\/page"}],"author":[{"embeddable":true,"href":"https:\/\/ticketchainer.com\/en\/wp-json\/wp\/v2\/users\/1"}],"replies":[{"embeddable":true,"href":"https:\/\/ticketchainer.com\/en\/wp-json\/wp\/v2\/comments?post=17356"}],"version-history":[{"count":32,"href":"https:\/\/ticketchainer.com\/en\/wp-json\/wp\/v2\/pages\/17356\/revisions"}],"predecessor-version":[{"id":18019,"href":"https:\/\/ticketchainer.com\/en\/wp-json\/wp\/v2\/pages\/17356\/revisions\/18019"}],"up":[{"embeddable":true,"href":"https:\/\/ticketchainer.com\/en\/wp-json\/wp\/v2\/pages\/17354"}],"wp:attachment":[{"href":"https:\/\/ticketchainer.com\/en\/wp-json\/wp\/v2\/media?parent=17356"}],"curies":[{"name":"wp","href":"https:\/\/api.w.org\/{rel}","templated":true}]}}