{"id":17400,"date":"2024-10-28T22:02:36","date_gmt":"2024-10-28T21:02:36","guid":{"rendered":"https:\/\/ticketchainer.com?page_id=17400"},"modified":"2025-03-24T11:45:04","modified_gmt":"2025-03-24T10:45:04","slug":"backoffice-primedesk","status":"publish","type":"page","link":"https:\/\/ticketchainer.com\/en\/tc-btoc\/backoffice-primedesk\/","title":{"rendered":"Primedesk Backoffice"},"content":{"rendered":"<div class=\"wpb-content-wrapper\"><div class=\"vc-custom-col-spacing clearfix vc-col-spacing-0px\"><section class=\"wpb_row vc_row-fluid vc_custom_1734560016752 vc_row-has-fill row-content-position-Default\"><div class=\"startflow-container\"><div class=\"row-inner clearfix\"><div class=\"wpb_column vc_column_container vc_col-sm-12\"><div class=\"vc_column-inner\"><div class=\"wpb_wrapper\">\r\n\t<div class=\"startflow-spacer clearfix\" data-desktop=\"60\" data-mobi=\"60\" data-smobi=\"60\"><\/div><div class=\"startflow-headings clearfix\" data-font=\"20\" style=\"\"><h4 class=\"heading clearfix\" style=\"color:#050964;line-height:28px;margin-bottom:20px;font-size:20px;\">\r\n\t\tMaintain full control over the secondary market with our integrated resale platform, offering a secure and transparent solution for your participants, for a complete and frictionless experience.\r\n\t<\/h4><\/div><\/div><\/div><\/div><\/div><\/div><\/section><\/div><div class=\"vc-custom-col-spacing clearfix vc-col-spacing-30\"><section class=\"wpb_row vc_row-fluid home-service-details row-content-position-Default\"><div class=\"startflow-container\"><div class=\"row-inner clearfix\"><div class=\"wpb_column vc_column_container vc_col-sm-12\"><div class=\"vc_column-inner\"><div class=\"wpb_wrapper\">\r\n\t<div class=\"startflow-spacer clearfix\" data-desktop=\"80\" data-mobi=\"40\" data-smobi=\"40\"><\/div><div class=\"startflow-content-box clearfix\" ><div class=\"vc-custom-col-inner-spacing clearfix vc-col-inner-spacing-30\"><div class=\"wpb_row vc_inner vc_row-fluid reverse-columns image-shadow\"><div class=\"wpb_column vc_column_container vc_col-sm-6\"><div class=\"vc_column-inner\"><div class=\"wpb_wrapper\"><div class=\"startflow-headings clearfix\"  style=\"\"><h2 class=\"heading clearfix\" style=\"color:#246cf1;margin-bottom:20px;\">\r\n\t\tCentralized management of all your platforms and configurations\r\n\t<\/h2><div class=\"extra-content clearfix\" style=\"\">\r\n\t\t<p>Ticketchainer's back-office gives you total control over all your platforms and events, centralizing the management of multi-channel sales and distribution. Easily configure your sales channels online, in physical outlets or via partners, and benefit from advanced settings for access control, as well as optimized management of BtoB ticketing. This centralized management enables you to tailor every aspect of your ticketing to the specific needs of each event, guaranteeing optimum flexibility while simplifying your day-to-day operations.<\/p>\n\r\n\t<\/div><\/div><\/div><\/div><\/div><div class=\"wpb_column vc_column_container vc_col-sm-6\"><div class=\"vc_column-inner\"><div class=\"wpb_wrapper\"><div class=\"startflow-simple-image text-center\" style=\"\" >\r\n\t\t\t<img decoding=\"async\" alt=\"image\" src=\"https:\/\/ticketchainer.com\/wp-content\/uploads\/2024\/11\/Gestion-centralisee-de-toutes-vos-plateformes-et-configurations.svg\" \/> \r\n\t\t<\/div><\/div><\/div><\/div><\/div><\/div><\/div>\r\n\t<div class=\"startflow-spacer clearfix\" data-desktop=\"45\" data-mobi=\"30\" data-smobi=\"30\"><\/div><div class=\"startflow-content-box clearfix\" ><div class=\"vc-custom-col-inner-spacing clearfix vc-col-inner-spacing-30\"><div class=\"wpb_row vc_inner vc_row-fluid image-shadow\"><div class=\"wpb_column vc_column_container vc_col-sm-6\"><div class=\"vc_column-inner\"><div class=\"wpb_wrapper\"><div class=\"startflow-simple-image text-center\" style=\"\" >\r\n\t\t\t<img decoding=\"async\" alt=\"image\" src=\"https:\/\/ticketchainer.com\/wp-content\/uploads\/2024\/11\/Suivi-en-temps-reel-des-ventes-multicanales-avec-KPI-personnalises.svg\" \/> \r\n\t\t<\/div><\/div><\/div><\/div><div class=\"wpb_column vc_column_container vc_col-sm-6\"><div class=\"vc_column-inner\"><div class=\"wpb_wrapper\"><div class=\"startflow-headings clearfix\"  style=\"\"><h2 class=\"heading clearfix\" style=\"color:#246cf1;margin-bottom:20px;\">\r\n\t\tReal-time tracking of multi-channel sales with customized KPIs\r\n\t<\/h2><div class=\"extra-content clearfix\" style=\"\">\r\n\t\t<p>Thanks to our advanced interface, track your sales performance in real time across all your distribution channels: online ticketing, direct sales or via partners. You can define customized KPIs tailored to your specific objectives, enabling you to analyze your data accurately and adjust your sales strategies according to the results obtained. With Ticketchainer, keep a constant eye on your performance to maximize your revenues.<\/p>\n\r\n\t<\/div><\/div><\/div><\/div><\/div><\/div><\/div><\/div>\r\n\t<div class=\"startflow-spacer clearfix\" data-desktop=\"45\" data-mobi=\"30\" data-smobi=\"30\"><\/div><div class=\"startflow-content-box clearfix\" ><div class=\"vc-custom-col-inner-spacing clearfix vc-col-inner-spacing-30\"><div class=\"wpb_row vc_inner vc_row-fluid reverse-columns full-width-image\"><div class=\"wpb_column vc_column_container vc_col-sm-6\"><div class=\"vc_column-inner\"><div class=\"wpb_wrapper\"><div class=\"startflow-headings clearfix\"  style=\"\"><h2 class=\"heading clearfix\" style=\"color:#246cf1;margin-bottom:20px;\">\r\n\t\tAdvanced access and permissions management\r\n\t<\/h2><div class=\"extra-content clearfix\" style=\"\">\r\n\t\t<p>Provide every member of your team with the rights and access appropriate to their role, thanks to an advanced permissions management system. Whether it's for a global administrator, a sales manager or a ticketing agent, you can define precise, personalized levels of permissions. This flexibility guarantees total control of your platform, while ensuring the security and efficiency of your operations.<\/p>\n\r\n\t<\/div><\/div><\/div><\/div><\/div><div class=\"wpb_column vc_column_container vc_col-sm-6\"><div class=\"vc_column-inner\"><div class=\"wpb_wrapper\"><div class=\"startflow-simple-image text-center\" style=\"\" >\r\n\t\t\t<img decoding=\"async\" alt=\"image\" src=\"https:\/\/ticketchainer.com\/wp-content\/uploads\/2024\/10\/Gestion-avancee-des-acces-et-permissions.png\" \/> \r\n\t\t<\/div><\/div><\/div><\/div><\/div><\/div><\/div>\r\n\t<div class=\"startflow-spacer clearfix\" data-desktop=\"100\" data-mobi=\"60\" data-smobi=\"4\"><\/div><\/div><\/div><\/div><\/div><\/div><\/section><\/div><div class=\"vc-custom-col-spacing clearfix vc-col-spacing-30\"><section class=\"wpb_row vc_row-fluid hide-desktop no-padding row-content-position-Default\"><div class=\"row-inner clearfix\"><div class=\"wpb_column vc_column_container vc_col-sm-12\"><div class=\"vc_column-inner\"><div class=\"wpb_wrapper\"><div class=\"startflow-simple-image text-center\" style=\"\" >\r\n\t\t\t<img decoding=\"async\" alt=\"image\" src=\"https:\/\/ticketchainer.com\/wp-content\/uploads\/2024\/10\/Groupe-44523.png\" \/> \r\n\t\t<\/div><\/div><\/div><\/div><\/div><\/section><\/div><div class=\"vc-custom-col-spacing clearfix vc-col-spacing-30\"><section class=\"wpb_row vc_row-fluid bottom-section vc_custom_1730149480525 col-aside-img row-content-position-middle row-equal-height\"><div class=\"image-container img-simple vc_col-sm-6 aside-right\"><div class=\"background-image\" style=\"background-image: url(https:\/\/ticketchainer.com\/wp-content\/uploads\/2024\/10\/Groupe-44523.png);\"><\/div><\/div><div class=\"startflow-container\"><div class=\"row-inner clearfix\"><div class=\"wpb_column vc_column_container vc_col-sm-6\"><div class=\"vc_column-inner\"><div class=\"wpb_wrapper\">\r\n\t<div class=\"startflow-spacer clearfix\" data-desktop=\"80\" data-mobi=\"60\" data-smobi=\"60\"><\/div><div class=\"startflow-headings clearfix\" data-font=\"25\" style=\"\"><h4 class=\"heading clearfix\" style=\"color:#050964;line-height:30px;margin-bottom:12px;font-size:25px;\">\r\n\t\tFind the offer best suited to your needs\r\n\t<\/h4><div class=\"extra-content clearfix\" style=\"\">\r\n\t\t<p>Sports clubs, exhibitors, event organizers, Ticketchainer has the solution you need.<\/p>\n\r\n\t<\/div><\/div>\r\n\t<div class=\"startflow-spacer clearfix\" data-desktop=\"10\" data-mobi=\"10\" data-smobi=\"10\"><\/div><div class=\"button-wrap icon-right\" style=\"\" ><a href=\"https:\/\/form.typeform.com\/to\/OWFbdOl4?typeform-source=ticketchainer.com\" target=\"_blank\" class=\"startflow-button btn-488973634 medium no_icon accent custom\" style=\"border-radius:3px;\"  data-text=\"#ffffff\" data-text-hover=\"#ffffff\" data-background-hover=\"#071e57\">\r\n\t\t<span style=\"\">Request a demo <\/span>\r\n\t<\/a><\/div>\r\n\t<div class=\"startflow-spacer clearfix\" data-desktop=\"5\" data-mobi=\"5\" data-smobi=\"5\"><\/div><div class=\"button-wrap icon-right\" style=\"\" ><a href=\"https:\/\/form.typeform.com\/to\/OWFbdOl4?typeform-source=ticketchainer.com\" target=\"_blank\" class=\"startflow-button btn-236699304 medium no_icon custom custom\" style=\"border-radius:8px;\"  data-background=\"#ffffff\" data-text=\"#050964\" data-text-hover=\"#ffffff\" data-background-hover=\"#071e57\">\r\n\t\t<span style=\"\">Contact a sales manager <\/span>\r\n\t<\/a><\/div>\r\n\t<div class=\"startflow-spacer clearfix\" data-desktop=\"80\" data-mobi=\"60\" data-smobi=\"60\"><\/div><\/div><\/div><\/div><div class=\"wpb_column vc_column_container vc_col-sm-6\"><div class=\"vc_column-inner\"><div class=\"wpb_wrapper\"><\/div><\/div><\/div><\/div><\/div><\/section><\/div>\n<\/div>","protected":false},"excerpt":{"rendered":"Gardez le contr\u00f4le total sur le march\u00e9 secondaire gr\u00e2ce \u00e0 notre plateforme de revente int\u00e9gr\u00e9e, offrant une solution s\u00e9curis\u00e9e et transparente pour vos participants, pour une exp\u00e9rience compl\u00e8te et sans friction Gestion centralis\u00e9e de toutes vos plateformes et configurations Le back-office de Ticketchainer vous offre un contr\u00f4le total sur l'ensemble","protected":false},"author":1,"featured_media":0,"parent":17354,"menu_order":0,"comment_status":"closed","ping_status":"closed","template":"","meta":{"_seopress_robots_primary_cat":"","_seopress_titles_title":"","_seopress_titles_desc":"","_seopress_robots_index":"","inline_featured_image":false,"footnotes":""},"class_list":["post-17400","page","type-page","status-publish","hentry"],"_links":{"self":[{"href":"https:\/\/ticketchainer.com\/en\/wp-json\/wp\/v2\/pages\/17400","targetHints":{"allow":["GET"]}}],"collection":[{"href":"https:\/\/ticketchainer.com\/en\/wp-json\/wp\/v2\/pages"}],"about":[{"href":"https:\/\/ticketchainer.com\/en\/wp-json\/wp\/v2\/types\/page"}],"author":[{"embeddable":true,"href":"https:\/\/ticketchainer.com\/en\/wp-json\/wp\/v2\/users\/1"}],"replies":[{"embeddable":true,"href":"https:\/\/ticketchainer.com\/en\/wp-json\/wp\/v2\/comments?post=17400"}],"version-history":[{"count":17,"href":"https:\/\/ticketchainer.com\/en\/wp-json\/wp\/v2\/pages\/17400\/revisions"}],"predecessor-version":[{"id":18020,"href":"https:\/\/ticketchainer.com\/en\/wp-json\/wp\/v2\/pages\/17400\/revisions\/18020"}],"up":[{"embeddable":true,"href":"https:\/\/ticketchainer.com\/en\/wp-json\/wp\/v2\/pages\/17354"}],"wp:attachment":[{"href":"https:\/\/ticketchainer.com\/en\/wp-json\/wp\/v2\/media?parent=17400"}],"curies":[{"name":"wp","href":"https:\/\/api.w.org\/{rel}","templated":true}]}}