{"id":17414,"date":"2024-10-28T22:20:58","date_gmt":"2024-10-28T21:20:58","guid":{"rendered":"https:\/\/ticketchainer.com?page_id=17414"},"modified":"2025-01-10T04:02:00","modified_gmt":"2025-01-10T03:02:00","slug":"file-dattente-virtuelle","status":"publish","type":"page","link":"https:\/\/ticketchainer.com\/en\/tc-btoc\/file-dattente-virtuelle\/","title":{"rendered":"Virtual queueing"},"content":{"rendered":"<div class=\"wpb-content-wrapper\"><div class=\"vc-custom-col-spacing clearfix vc-col-spacing-0px\"><section class=\"wpb_row vc_row-fluid vc_custom_1734560016752 vc_row-has-fill row-content-position-Default\"><div class=\"startflow-container\"><div class=\"row-inner clearfix\"><div class=\"wpb_column vc_column_container vc_col-sm-12\"><div class=\"vc_column-inner\"><div class=\"wpb_wrapper\">\r\n\t<div class=\"startflow-spacer clearfix\" data-desktop=\"60\" data-mobi=\"60\" data-smobi=\"60\"><\/div><div class=\"startflow-headings clearfix text-center\" data-font=\"20\" style=\"\"><h4 class=\"heading clearfix\" style=\"color:#050964;line-height:28px;margin-bottom:20px;font-size:20px;\">\r\n\t\tVirtual queueing : Guaranteed fluidity in all traffic conditions\r\n\t<\/h4><\/div><\/div><\/div><\/div><\/div><\/div><\/section><\/div><div class=\"vc-custom-col-spacing clearfix vc-col-spacing-30\"><section class=\"wpb_row vc_row-fluid row-content-position-Default\"><div class=\"startflow-container\"><div class=\"row-inner clearfix\"><div class=\"wpb_column vc_column_container vc_col-sm-12\"><div class=\"vc_column-inner\"><div class=\"wpb_wrapper\">\r\n\t<div class=\"startflow-spacer clearfix\" data-desktop=\"80\" data-mobi=\"40\" data-smobi=\"40\"><\/div><\/div><\/div><\/div><\/div><\/div><\/section><\/div><div class=\"vc-custom-col-spacing clearfix vc-col-spacing-30\"><section class=\"wpb_row vc_row-fluid services-box-info vc_custom_1730166126625 no-padding row-content-position-Default\"><div class=\"row-inner clearfix\"><div class=\"wpb_column vc_column_container vc_col-sm-4\"><div class=\"vc_column-inner\"><div class=\"wpb_wrapper\"><div class=\"startflow-content-box clearfix  wow fadeInUp\" data-padding=\"50px 30px 40px\" data-mobipadding=\"50px 30px 40px\" data-margin=\"\" data-mobimargin=\"\"  data-wow-duration=\"0.75s\" data-wow-delay=\"0.3s\">\r\n\t\t<div class=\"inner ctb-423127423\" style=\"\"  data-background=\"#ffffff\" data-rounded=\"20px\" data-shadow=\" 0px 20px 70px 0px rgba(0,0,0,0.05)\">\r\n\t\t\t<div class=\"startflow-icon-box clearfix icon-top align-center  simple\" style=\"\" ><div class=\"wrap-inner\" style=\"position: relative;\"><div class=\"image-wrap\" style=\"width:90px;\">\n\t\t\t\t<img decoding=\"async\" alt=\"image\" src=\"https:\/\/ticketchainer.com\/wp-content\/uploads\/2024\/10\/service-1.png\">\n\t\t\t<\/div> <h3 class=\"heading\" style=\"color:#246cf1;font-size:24px;margin-bottom:25px;\">\n\t\t\t<span>Robustness and uninterrupted availability<\/span>\n\t\t<\/h3><div class=\"desc\" style=\"color:#0a0e19;font-size:16px;line-height:26px;margin-bottom:34px;\"><p>Our platform is designed to handle the highest traffic volumes without interruption. Thanks to a robust, scalable architecture, we guarantee 100% ticketing availability, even during periods of extreme demand. The virtual queue activates automatically when traffic exceeds a certain threshold, enabling your platform to continue operating at peak performance without the risk of overload.<\/p>\n<\/div><div class=\"url-wrap\" style=\"\">\n\t\t\t<a target=\"_blank\" class=\"startflow-button big btn-1590946982 custom custom outline solid custom\" href=\"https:\/\/form.typeform.com\/to\/OWFbdOl4?typeform-source=ticketchainer.com\" style=\"border-width:1px;\"  data-background=\"\" data-text=\"\" data-border=\"\"><span>Request a demo<\/span><\/a>\n\t\t<\/div> <\/div><\/div>\r\n\t\t<\/div>\r\n\t<\/div>\r\n\t<div class=\"startflow-spacer clearfix\" data-desktop=\"0\" data-mobi=\"40\" data-smobi=\"40\"><\/div><\/div><\/div><\/div><div class=\"wpb_column vc_column_container vc_col-sm-4\"><div class=\"vc_column-inner\"><div class=\"wpb_wrapper\"><div class=\"startflow-content-box clearfix  wow fadeInUp\" data-padding=\"50px 30px 40px\" data-mobipadding=\"50px 30px 40px\" data-margin=\"\" data-mobimargin=\"\"  data-wow-duration=\"0.75s\" data-wow-delay=\"0.3s\">\r\n\t\t<div class=\"inner ctb-342191755\" style=\"\"  data-background=\"#ffffff\" data-rounded=\"20px\" data-shadow=\" 0px 20px 70px 0px rgba(0,0,0,0.05)\">\r\n\t\t\t<div class=\"startflow-icon-box clearfix icon-top align-center  simple\" style=\"\" ><div class=\"wrap-inner\" style=\"position: relative;\"><div class=\"image-wrap\" style=\"width:90px;\">\n\t\t\t\t<img decoding=\"async\" alt=\"image\" src=\"https:\/\/ticketchainer.com\/wp-content\/uploads\/2024\/10\/Groupe-44598.png\">\n\t\t\t<\/div> <h3 class=\"heading\" style=\"color:#246cf1;font-size:24px;margin-bottom:25px;\">\n\t\t\t<span>Smooth management of high-demand sales<\/span>\n\t\t<\/h3><div class=\"desc\" style=\"color:#0a0e19;font-size:16px;line-height:26px;margin-bottom:34px;\"><p>By placing users in an online queue during peaks in demand, you not only optimize the customer experience, but also ensure that your infrastructure remains stable, even at the biggest events. This ensures that every user has a fair chance of accessing the ticketing system, without blockages or breakdowns.<\/p>\n<\/div><div class=\"url-wrap\" style=\"\">\n\t\t\t<a target=\"_blank\" class=\"startflow-button big btn-222797701 custom custom outline solid custom\" href=\"https:\/\/form.typeform.com\/to\/OWFbdOl4?typeform-source=ticketchainer.com\" style=\"border-width:1px;\"  data-background=\"\" data-text=\"\" data-border=\"\"><span>Request a demo<\/span><\/a>\n\t\t<\/div> <\/div><\/div>\r\n\t\t<\/div>\r\n\t<\/div>\r\n\t<div class=\"startflow-spacer clearfix\" data-desktop=\"0\" data-mobi=\"40\" data-smobi=\"40\"><\/div><\/div><\/div><\/div><div class=\"wpb_column vc_column_container vc_col-sm-4\"><div class=\"vc_column-inner\"><div class=\"wpb_wrapper\"><div class=\"startflow-content-box clearfix  wow fadeInUp\" data-padding=\"50px 30px 40px\" data-mobipadding=\"50px 30px 40px\" data-margin=\"\" data-mobimargin=\"\"  data-wow-duration=\"0.75s\" data-wow-delay=\"0.3s\">\r\n\t\t<div class=\"inner ctb-770619677\" style=\"\"  data-background=\"#ffffff\" data-rounded=\"20px\" data-shadow=\" 0px 20px 70px 0px rgba(0,0,0,0.05)\">\r\n\t\t\t<div class=\"startflow-icon-box clearfix icon-top align-center  simple\" style=\"\" ><div class=\"wrap-inner\" style=\"position: relative;\"><div class=\"image-wrap\" style=\"width:90px;\">\n\t\t\t\t<img decoding=\"async\" alt=\"image\" src=\"https:\/\/ticketchainer.com\/wp-content\/uploads\/2024\/10\/service-2.png\">\n\t\t\t<\/div> <h3 class=\"heading\" style=\"color:#246cf1;font-size:24px;margin-bottom:25px;\">\n\t\t\t<span>Flexibility and customization<\/span>\n\t\t<\/h3><div class=\"desc\" style=\"color:#0a0e19;font-size:16px;line-height:26px;margin-bottom:34px;\"><p>As with the rest of our solution, the virtual queue can be customized to suit your needs. You can adjust messages for waiting users and exploit this time to share event information, special offers, or promotions. This guarantees not only better retention but also an opportunity for direct communication with your customers.<\/p>\n<\/div><div class=\"url-wrap\" style=\"\">\n\t\t\t<a target=\"_blank\" class=\"startflow-button big btn-1854119312 custom custom outline solid custom\" href=\"https:\/\/form.typeform.com\/to\/OWFbdOl4?typeform-source=ticketchainer.com\" style=\"border-width:1px;\"  data-background=\"\" data-text=\"\" data-border=\"\"><span>Request a demo<\/span><\/a>\n\t\t<\/div> <\/div><\/div>\r\n\t\t<\/div>\r\n\t<\/div><\/div><\/div><\/div><\/div><\/section><\/div><div class=\"vc-custom-col-spacing clearfix vc-col-spacing-30\"><section class=\"wpb_row vc_row-fluid row-content-position-Default\"><div class=\"startflow-container\"><div class=\"row-inner clearfix\"><div class=\"wpb_column vc_column_container vc_col-sm-12\"><div class=\"vc_column-inner\"><div class=\"wpb_wrapper\">\r\n\t<div class=\"startflow-spacer clearfix\" data-desktop=\"80\" data-mobi=\"40\" data-smobi=\"40\"><\/div><\/div><\/div><\/div><\/div><\/div><\/section><\/div><div class=\"vc-custom-col-spacing clearfix vc-col-spacing-30\"><section class=\"wpb_row vc_row-fluid home-service-details row-content-position-Default\"><div class=\"startflow-container\"><div class=\"row-inner clearfix\"><div class=\"wpb_column vc_column_container vc_col-sm-12\"><div class=\"vc_column-inner\"><div class=\"wpb_wrapper\"><div class=\"startflow-content-box clearfix\" ><div class=\"vc-custom-col-inner-spacing clearfix vc-col-inner-spacing-30\"><div class=\"wpb_row vc_inner vc_row-fluid reverse-columns image-shadow\"><div class=\"wpb_column vc_column_container vc_col-sm-6\"><div class=\"vc_column-inner\"><div class=\"wpb_wrapper\"><div class=\"startflow-headings clearfix\"  style=\"\"><h2 class=\"heading clearfix\" style=\"color:#246cf1;\">\r\n\t\tProven results\r\n\t<\/h2><p class=\"sub-heading clearfix\" style=\"font-style:normal;color:#050964;margin-bottom:20px;\">\r\n\t\tsmooth management of major events\r\n\t<\/p><div class=\"extra-content clearfix\" style=\"\">\r\n\t\t<p>At major events such as Africa Cup of Nations 2023, our solution successfully managed up to 350,000 visitors per day, thanks to automatic queue activation during peak traffic periods. This system enabled the ticket office to remain operational without interruption, even under high demand. <strong>350 000 visiteurs par jour<\/strong> gr\u00e2ce \u00e0 une activation automatique de la file d\u2019attente lors des pics de trafic. Ce syst\u00e8me a permis \u00e0 la billetterie de rester op\u00e9rationnelle sans interruption, m\u00eame sous une demande \u00e9lev\u00e9e.<\/p>\n<div id=\"gtx-trans\" style=\"position: absolute; left: 300px; top: 12.5547px;\">\n<div class=\"gtx-trans-icon\"><\/div>\n<\/div>\n\r\n\t<\/div><\/div><\/div><\/div><\/div><div class=\"wpb_column vc_column_container vc_col-sm-6\"><div class=\"vc_column-inner\"><div class=\"wpb_wrapper\"><div class=\"startflow-simple-image text-center\" style=\"\" >\r\n\t\t\t<img decoding=\"async\" alt=\"image\" src=\"https:\/\/ticketchainer.com\/wp-content\/uploads\/2024\/11\/Resultats-prouves.svg\" \/> \r\n\t\t<\/div><\/div><\/div><\/div><\/div><\/div><\/div>\r\n\t<div class=\"startflow-spacer clearfix\" data-desktop=\"45\" data-mobi=\"30\" data-smobi=\"30\"><\/div><\/div><\/div><\/div><\/div><\/div><\/section><\/div><div class=\"vc-custom-col-spacing clearfix vc-col-spacing-30\"><section class=\"wpb_row vc_row-fluid hide-desktop no-padding row-content-position-Default\"><div class=\"row-inner clearfix\"><div class=\"wpb_column vc_column_container vc_col-sm-12\"><div class=\"vc_column-inner\"><div class=\"wpb_wrapper\"><div class=\"startflow-simple-image text-center\" style=\"\" >\r\n\t\t\t<img decoding=\"async\" alt=\"image\" src=\"https:\/\/ticketchainer.com\/wp-content\/uploads\/2024\/10\/Groupe-44523.png\" \/> \r\n\t\t<\/div><\/div><\/div><\/div><\/div><\/section><\/div><div class=\"vc-custom-col-spacing clearfix vc-col-spacing-30\"><section class=\"wpb_row vc_row-fluid bottom-section col-aside-img row-content-position-middle row-equal-height\"><div class=\"image-container img-simple vc_col-sm-6 aside-right\"><div class=\"background-image\" style=\"background-image: url(https:\/\/ticketchainer.com\/wp-content\/uploads\/2024\/10\/Groupe-44523.png);\"><\/div><\/div><div class=\"startflow-container\"><div class=\"row-inner clearfix\"><div class=\"wpb_column vc_column_container vc_col-sm-6\"><div class=\"vc_column-inner\"><div class=\"wpb_wrapper\">\r\n\t<div class=\"startflow-spacer clearfix\" data-desktop=\"80\" data-mobi=\"60\" data-smobi=\"60\"><\/div><div class=\"startflow-headings clearfix\" data-font=\"25\" style=\"\"><h4 class=\"heading clearfix\" style=\"color:#050964;line-height:30px;margin-bottom:12px;font-size:25px;\">\r\n\t\tFind the offer best suited to your needs\r\n\t<\/h4><div class=\"extra-content clearfix\" style=\"\">\r\n\t\t<p>Sports clubs, exhibitors, event organizers, Ticketchainer has the solution you need.<\/p>\n\r\n\t<\/div><\/div>\r\n\t<div class=\"startflow-spacer clearfix\" data-desktop=\"10\" data-mobi=\"10\" data-smobi=\"10\"><\/div><div class=\"button-wrap icon-right\" style=\"\" ><a href=\"https:\/\/form.typeform.com\/to\/OWFbdOl4?typeform-source=ticketchainer.com\" target=\"_blank\" class=\"startflow-button btn-1759980612 medium no_icon accent custom\" style=\"border-radius:3px;\"  data-text=\"#ffffff\" data-text-hover=\"#ffffff\" data-background-hover=\"#071e57\">\r\n\t\t<span style=\"\">Request a demo <\/span>\r\n\t<\/a><\/div>\r\n\t<div class=\"startflow-spacer clearfix\" data-desktop=\"5\" data-mobi=\"5\" data-smobi=\"5\"><\/div><div class=\"button-wrap icon-right\" style=\"\" ><a href=\"https:\/\/form.typeform.com\/to\/OWFbdOl4?typeform-source=ticketchainer.com\" target=\"_blank\" class=\"startflow-button btn-1486053167 medium no_icon custom custom\" style=\"border-radius:8px;\"  data-background=\"#ffffff\" data-text=\"#050964\" data-text-hover=\"#ffffff\" data-background-hover=\"#071e57\">\r\n\t\t<span style=\"\">Contact a sales manager <\/span>\r\n\t<\/a><\/div>\r\n\t<div class=\"startflow-spacer clearfix\" data-desktop=\"80\" data-mobi=\"60\" data-smobi=\"60\"><\/div><\/div><\/div><\/div><div class=\"wpb_column vc_column_container vc_col-sm-6\"><div class=\"vc_column-inner\"><div class=\"wpb_wrapper\"><\/div><\/div><\/div><\/div><\/div><\/section><\/div>\n<\/div>","protected":false},"excerpt":{"rendered":"Files d\u2019attente virtuelles : Fluidit\u00e9 garantie, quelle que soit le traffic Robustesse et disponibilit\u00e9 ininterrompue Notre plateforme est con\u00e7ue pour g\u00e9rer les volumes de trafic les plus importants sans interruption. Gr\u00e2ce \u00e0 une architecture robuste et scalable, nous garantissons une disponibilit\u00e9 de la billetterie \u00e0 100 %, m\u00eame en p\u00e9riode","protected":false},"author":1,"featured_media":0,"parent":17354,"menu_order":0,"comment_status":"closed","ping_status":"closed","template":"","meta":{"_seopress_robots_primary_cat":"","_seopress_titles_title":"","_seopress_titles_desc":"","_seopress_robots_index":"","inline_featured_image":false,"footnotes":""},"class_list":["post-17414","page","type-page","status-publish","hentry"],"_links":{"self":[{"href":"https:\/\/ticketchainer.com\/en\/wp-json\/wp\/v2\/pages\/17414","targetHints":{"allow":["GET"]}}],"collection":[{"href":"https:\/\/ticketchainer.com\/en\/wp-json\/wp\/v2\/pages"}],"about":[{"href":"https:\/\/ticketchainer.com\/en\/wp-json\/wp\/v2\/types\/page"}],"author":[{"embeddable":true,"href":"https:\/\/ticketchainer.com\/en\/wp-json\/wp\/v2\/users\/1"}],"replies":[{"embeddable":true,"href":"https:\/\/ticketchainer.com\/en\/wp-json\/wp\/v2\/comments?post=17414"}],"version-history":[{"count":31,"href":"https:\/\/ticketchainer.com\/en\/wp-json\/wp\/v2\/pages\/17414\/revisions"}],"predecessor-version":[{"id":18023,"href":"https:\/\/ticketchainer.com\/en\/wp-json\/wp\/v2\/pages\/17414\/revisions\/18023"}],"up":[{"embeddable":true,"href":"https:\/\/ticketchainer.com\/en\/wp-json\/wp\/v2\/pages\/17354"}],"wp:attachment":[{"href":"https:\/\/ticketchainer.com\/en\/wp-json\/wp\/v2\/media?parent=17414"}],"curies":[{"name":"wp","href":"https:\/\/api.w.org\/{rel}","templated":true}]}}