{"id":17466,"date":"2024-10-29T02:48:39","date_gmt":"2024-10-29T01:48:39","guid":{"rendered":"https:\/\/ticketchainer.com?page_id=17466"},"modified":"2025-03-24T11:45:24","modified_gmt":"2025-03-24T10:45:24","slug":"plateforme-digitale","status":"publish","type":"page","link":"https:\/\/ticketchainer.com\/en\/tc-btob\/plateforme-digitale\/","title":{"rendered":"Digital platform"},"content":{"rendered":"<div class=\"wpb-content-wrapper\"><div class=\"vc-custom-col-spacing clearfix vc-col-spacing-0px\"><section class=\"wpb_row vc_row-fluid vc_custom_1734560016752 vc_row-has-fill row-content-position-Default\"><div class=\"startflow-container\"><div class=\"row-inner clearfix\"><div class=\"wpb_column vc_column_container vc_col-sm-12\"><div class=\"vc_column-inner\"><div class=\"wpb_wrapper\">\r\n\t<div class=\"startflow-spacer clearfix\" data-desktop=\"60\" data-mobi=\"60\" data-smobi=\"60\"><\/div><div class=\"startflow-headings clearfix text-center\" data-font=\"20\" style=\"\"><h4 class=\"heading clearfix\" style=\"color:#050964;line-height:28px;margin-bottom:20px;font-size:20px;\">\r\n\t\tPartner Platform: Simplify and secure access management for your sponsors and VIPs\r\n\t<\/h4><\/div><\/div><\/div><\/div><\/div><\/div><\/section><\/div><div class=\"vc-custom-col-spacing clearfix vc-col-spacing-30\"><section class=\"wpb_row vc_row-fluid row-content-position-Default\"><div class=\"startflow-container\"><div class=\"row-inner clearfix\"><div class=\"wpb_column vc_column_container vc_col-sm-12\"><div class=\"vc_column-inner\"><div class=\"wpb_wrapper\">\r\n\t<div class=\"startflow-spacer clearfix\" data-desktop=\"80\" data-mobi=\"40\" data-smobi=\"40\"><\/div><\/div><\/div><\/div><\/div><\/div><\/section><\/div><div class=\"vc-custom-col-spacing clearfix vc-col-spacing-30\"><section class=\"wpb_row vc_row-fluid home-service-details row-content-position-Default\"><div class=\"startflow-container\"><div class=\"row-inner clearfix\"><div class=\"wpb_column vc_column_container vc_col-sm-12\"><div class=\"vc_column-inner\"><div class=\"wpb_wrapper\"><div class=\"startflow-content-box clearfix\" ><div class=\"vc-custom-col-inner-spacing clearfix vc-col-inner-spacing-30\"><div class=\"wpb_row vc_inner vc_row-fluid reverse-columns image-shadow\"><div class=\"wpb_column vc_column_container vc_col-sm-6\"><div class=\"vc_column-inner\"><div class=\"wpb_wrapper\"><div class=\"startflow-headings clearfix\"  style=\"\"><h2 class=\"heading clearfix\" style=\"color:#246cf1;\">\r\n\t\tSeamless partner experience\r\n\t<\/h2><div class=\"extra-content clearfix\" style=\"\">\r\n\t\t<p>With Ticketchainer's partner platform, your sponsors and VIPs benefit from a <strong>fluid, intuitive experience<\/strong> for managing their access and tickets. Ease of use, combined with flexible digital distribution tools, enables partners to quickly manage their invitations, reducing operational friction.<\/p>\n<p>This fluidity improves partner satisfaction, strengthens their commitment and creates a lasting <strong>relationship of trust<\/strong> , positioning your event as a reliable and professional collaborator.<\/p>\n\r\n\t<\/div><\/div><\/div><\/div><\/div><div class=\"wpb_column vc_column_container vc_col-sm-6\"><div class=\"vc_column-inner\"><div class=\"wpb_wrapper\"><div class=\"startflow-simple-image text-center\" style=\"\" >\r\n\t\t\t<img decoding=\"async\" alt=\"image\" src=\"https:\/\/ticketchainer.com\/wp-content\/uploads\/2024\/11\/Experience-partenaire-fluide.svg\" \/> \r\n\t\t<\/div><\/div><\/div><\/div><\/div><\/div><\/div>\r\n\t<div class=\"startflow-spacer clearfix\" data-desktop=\"80\" data-mobi=\"40\" data-smobi=\"40\"><\/div><\/div><\/div><\/div><\/div><\/div><\/section><\/div><div class=\"vc-custom-col-spacing clearfix vc-col-spacing-30\"><section class=\"wpb_row vc_row-fluid services-box-info vc_custom_1730166126625 no-padding row-content-position-Default\"><div class=\"row-inner clearfix\"><div class=\"wpb_column vc_column_container vc_col-sm-4\"><div class=\"vc_column-inner\"><div class=\"wpb_wrapper\"><div class=\"startflow-content-box clearfix  wow fadeInUp\" data-padding=\"50px 30px 40px\" data-mobipadding=\"50px 30px 40px\" data-margin=\"\" data-mobimargin=\"\"  data-wow-duration=\"0.75s\" data-wow-delay=\"0.3s\">\r\n\t\t<div class=\"inner ctb-1984542222\" style=\"\"  data-background=\"#ffffff\" data-rounded=\"20px\" data-shadow=\" 0px 20px 70px 0px rgba(0,0,0,0.05)\">\r\n\t\t\t<div class=\"startflow-icon-box clearfix icon-top align-center  simple\" style=\"\" ><div class=\"wrap-inner\" style=\"position: relative;\"><div class=\"image-wrap\" style=\"width:90px;\">\n\t\t\t\t<img decoding=\"async\" alt=\"image\" src=\"https:\/\/ticketchainer.com\/wp-content\/uploads\/2024\/10\/Configuration-simple-et-gain-de-temps-pour-les-organisateurs.png\">\n\t\t\t<\/div> <h3 class=\"heading\" style=\"color:#246cf1;font-size:24px;margin-bottom:25px;\">\n\t\t\t<span>Simple, time-saving configuration for organizers<\/span>\n\t\t<\/h3><div class=\"desc\" style=\"color:#0a0e19;font-size:16px;line-height:26px;margin-bottom:34px;\"><p>Ticketchainer's partner platform is designed to be simple to configure, enabling organizers to quickly manage access and ticket distribution effortlessly. Thanks to an intuitive interface and advanced automation options, you can significantly reduce manual tasks, optimizing distribution and access management processes. This automation saves valuable time, while minimizing errors and offering total flexibility in ticket allocation, making your teams' work easier.<\/p>\n<\/div><div class=\"url-wrap\" style=\"\">\n\t\t\t<a target=\"_blank\" class=\"startflow-button big btn-1080786939 custom custom outline solid custom\" href=\"https:\/\/form.typeform.com\/to\/OWFbdOl4?typeform-source=ticketchainer.com\" style=\"border-width:1px;\"  data-background=\"\" data-text=\"\" data-border=\"\"><span>Request a demo<\/span><\/a>\n\t\t<\/div> <\/div><\/div>\r\n\t\t<\/div>\r\n\t<\/div><\/div><\/div><\/div><div class=\"wpb_column vc_column_container vc_col-sm-4\"><div class=\"vc_column-inner\"><div class=\"wpb_wrapper\"><div class=\"startflow-content-box clearfix  wow fadeInUp\" data-padding=\"50px 30px 40px\" data-mobipadding=\"50px 30px 40px\" data-margin=\"\" data-mobimargin=\"\"  data-wow-duration=\"0.75s\" data-wow-delay=\"0.3s\">\r\n\t\t<div class=\"inner ctb-2108089534\" style=\"\"  data-background=\"#ffffff\" data-rounded=\"20px\" data-shadow=\" 0px 20px 70px 0px rgba(0,0,0,0.05)\">\r\n\t\t\t<div class=\"startflow-icon-box clearfix icon-top align-center  simple\" style=\"\" ><div class=\"wrap-inner\" style=\"position: relative;\"><div class=\"image-wrap\" style=\"width:90px;\">\n\t\t\t\t<img decoding=\"async\" alt=\"image\" src=\"https:\/\/ticketchainer.com\/wp-content\/uploads\/2024\/10\/Collecte-de-data-pour-booster-les-opportunites-commerciales.png\">\n\t\t\t<\/div> <h3 class=\"heading\" style=\"color:#246cf1;font-size:24px;margin-bottom:25px;\">\n\t\t\t<span>Data collection to boost sales opportunities<\/span>\n\t\t<\/h3><div class=\"desc\" style=\"color:#0a0e19;font-size:16px;line-height:26px;margin-bottom:34px;\"><p>Data collection from Ticketchainer's partner platform is a valuable asset for the sales team, enabling them to reach more partners and boost business opportunities. Thanks to better management and greater visibility of interactions with VIP guests and sponsors, you can refine your prospecting strategies and develop more targeted business relationships, increasing the effectiveness of your approaches.<\/p>\n<\/div><div class=\"url-wrap\" style=\"\">\n\t\t\t<a target=\"_blank\" class=\"startflow-button big btn-1215591876 custom custom outline solid custom\" href=\"https:\/\/form.typeform.com\/to\/OWFbdOl4?typeform-source=ticketchainer.com\" style=\"border-width:1px;\"  data-background=\"\" data-text=\"\" data-border=\"\"><span>Request a demo<\/span><\/a>\n\t\t<\/div> <\/div><\/div>\r\n\t\t<\/div>\r\n\t<\/div><\/div><\/div><\/div><div class=\"wpb_column vc_column_container vc_col-sm-4\"><div class=\"vc_column-inner\"><div class=\"wpb_wrapper\"><div class=\"startflow-content-box clearfix  wow fadeInUp\" data-padding=\"50px 30px 40px\" data-mobipadding=\"50px 30px 40px\" data-margin=\"\" data-mobimargin=\"\"  data-wow-duration=\"0.75s\" data-wow-delay=\"0.3s\">\r\n\t\t<div class=\"inner ctb-1838359862\" style=\"\"  data-background=\"#ffffff\" data-rounded=\"20px\" data-shadow=\" 0px 20px 70px 0px rgba(0,0,0,0.05)\">\r\n\t\t\t<div class=\"startflow-icon-box clearfix icon-top align-center  simple\" style=\"\" ><div class=\"wrap-inner\" style=\"position: relative;\"><div class=\"image-wrap\" style=\"width:90px;\">\n\t\t\t\t<img decoding=\"async\" alt=\"image\" src=\"https:\/\/ticketchainer.com\/wp-content\/uploads\/2024\/10\/Portail-de-distribution-a-grande-echelle.png\">\n\t\t\t<\/div> <h3 class=\"heading\" style=\"color:#246cf1;font-size:24px;margin-bottom:25px;\">\n\t\t\t<span>Large-scale distribution portal<\/span>\n\t\t<\/h3><div class=\"desc\" style=\"color:#0a0e19;font-size:16px;line-height:26px;margin-bottom:34px;\"><p>Ticketchainer's partner platform can be used as a truly dedicated distribution portal, capable of handling large volumes of tickets. Each partner can distribute several tens of thousands of tickets seamlessly and securely. This ability to manage large volumes enables organizers to maximize their partnerships while retaining total control over ticket distribution and use.<\/p>\n<\/div><div class=\"url-wrap\" style=\"\">\n\t\t\t<a target=\"_blank\" class=\"startflow-button big btn-1562076440 custom custom outline solid custom\" href=\"https:\/\/form.typeform.com\/to\/OWFbdOl4?typeform-source=ticketchainer.com\" style=\"border-width:1px;\"  data-background=\"\" data-text=\"\" data-border=\"\"><span>Request a demo<\/span><\/a>\n\t\t<\/div> <\/div><\/div>\r\n\t\t<\/div>\r\n\t<\/div><\/div><\/div><\/div><\/div><\/section><\/div><div class=\"vc-custom-col-spacing clearfix vc-col-spacing-30\"><section class=\"wpb_row vc_row-fluid row-content-position-Default\"><div class=\"startflow-container\"><div class=\"row-inner clearfix\"><div class=\"wpb_column vc_column_container vc_col-sm-12\"><div class=\"vc_column-inner\"><div class=\"wpb_wrapper\">\r\n\t<div class=\"startflow-spacer clearfix\" data-desktop=\"80\" data-mobi=\"40\" data-smobi=\"40\"><\/div><\/div><\/div><\/div><\/div><\/div><\/section><\/div><div class=\"vc-custom-col-spacing clearfix vc-col-spacing-30\"><section class=\"wpb_row vc_row-fluid hide-desktop no-padding row-content-position-Default\"><div class=\"row-inner clearfix\"><div class=\"wpb_column vc_column_container vc_col-sm-12\"><div class=\"vc_column-inner\"><div class=\"wpb_wrapper\"><div class=\"startflow-simple-image text-center\" style=\"\" >\r\n\t\t\t<img decoding=\"async\" alt=\"image\" src=\"https:\/\/ticketchainer.com\/wp-content\/uploads\/2024\/10\/Groupe-44523.png\" \/> \r\n\t\t<\/div><\/div><\/div><\/div><\/div><\/section><\/div><div class=\"vc-custom-col-spacing clearfix vc-col-spacing-30\"><section class=\"wpb_row vc_row-fluid bottom-section col-aside-img row-content-position-middle row-equal-height\"><div class=\"image-container img-simple vc_col-sm-6 aside-right\"><div class=\"background-image\" style=\"background-image: url(https:\/\/ticketchainer.com\/wp-content\/uploads\/2024\/10\/Groupe-44523.png);\"><\/div><\/div><div class=\"startflow-container\"><div class=\"row-inner clearfix\"><div class=\"wpb_column vc_column_container vc_col-sm-6\"><div class=\"vc_column-inner\"><div class=\"wpb_wrapper\">\r\n\t<div class=\"startflow-spacer clearfix\" data-desktop=\"80\" data-mobi=\"60\" data-smobi=\"60\"><\/div><div class=\"startflow-headings clearfix\" data-font=\"25\" style=\"\"><h4 class=\"heading clearfix\" style=\"color:#050964;line-height:30px;margin-bottom:12px;font-size:25px;\">\r\n\t\tFind the offer best suited to your needs\r\n\t<\/h4><div class=\"extra-content clearfix\" style=\"\">\r\n\t\t<p>Sports clubs, exhibitors, event organizers, Ticketchainer has the solution you need.<\/p>\n\r\n\t<\/div><\/div>\r\n\t<div class=\"startflow-spacer clearfix\" data-desktop=\"10\" data-mobi=\"10\" data-smobi=\"10\"><\/div><div class=\"button-wrap icon-right\" style=\"\" ><a href=\"https:\/\/form.typeform.com\/to\/OWFbdOl4?typeform-source=ticketchainer.com\" target=\"_blank\" class=\"startflow-button btn-2006036548 medium no_icon accent custom\" style=\"border-radius:3px;\"  data-text=\"#ffffff\" data-text-hover=\"#ffffff\" data-background-hover=\"#071e57\">\r\n\t\t<span style=\"\">Request a demo <\/span>\r\n\t<\/a><\/div>\r\n\t<div class=\"startflow-spacer clearfix\" data-desktop=\"5\" data-mobi=\"5\" data-smobi=\"5\"><\/div><div class=\"button-wrap icon-right\" style=\"\" ><a href=\"https:\/\/form.typeform.com\/to\/OWFbdOl4?typeform-source=ticketchainer.com\" target=\"_blank\" class=\"startflow-button btn-666841560 medium no_icon custom custom\" style=\"border-radius:8px;\"  data-background=\"#ffffff\" data-text=\"#050964\" data-text-hover=\"#ffffff\" data-background-hover=\"#071e57\">\r\n\t\t<span style=\"\">Contact a sales manager <\/span>\r\n\t<\/a><\/div>\r\n\t<div class=\"startflow-spacer clearfix\" data-desktop=\"80\" data-mobi=\"60\" data-smobi=\"60\"><\/div><\/div><\/div><\/div><div class=\"wpb_column vc_column_container vc_col-sm-6\"><div class=\"vc_column-inner\"><div class=\"wpb_wrapper\"><\/div><\/div><\/div><\/div><\/div><\/section><\/div>\n<\/div>","protected":false},"excerpt":{"rendered":"Plateforme Partenaires : Simplifiez et s\u00e9curisez la gestion des acc\u00e8s pour vos sponsors et VIP Exp\u00e9rience partenaire fluide Avec la plateforme partenaires de Ticketchainer, vos sponsors et VIP b\u00e9n\u00e9ficient d\u2019une exp\u00e9rience fluide et intuitive pour la gestion de leurs acc\u00e8s et billets. La simplicit\u00e9 d\u2019utilisation, combin\u00e9e \u00e0 des outils de","protected":false},"author":1,"featured_media":0,"parent":17463,"menu_order":0,"comment_status":"closed","ping_status":"closed","template":"","meta":{"_seopress_robots_primary_cat":"","_seopress_titles_title":"","_seopress_titles_desc":"","_seopress_robots_index":"","inline_featured_image":false,"footnotes":""},"class_list":["post-17466","page","type-page","status-publish","hentry"],"_links":{"self":[{"href":"https:\/\/ticketchainer.com\/en\/wp-json\/wp\/v2\/pages\/17466","targetHints":{"allow":["GET"]}}],"collection":[{"href":"https:\/\/ticketchainer.com\/en\/wp-json\/wp\/v2\/pages"}],"about":[{"href":"https:\/\/ticketchainer.com\/en\/wp-json\/wp\/v2\/types\/page"}],"author":[{"embeddable":true,"href":"https:\/\/ticketchainer.com\/en\/wp-json\/wp\/v2\/users\/1"}],"replies":[{"embeddable":true,"href":"https:\/\/ticketchainer.com\/en\/wp-json\/wp\/v2\/comments?post=17466"}],"version-history":[{"count":19,"href":"https:\/\/ticketchainer.com\/en\/wp-json\/wp\/v2\/pages\/17466\/revisions"}],"predecessor-version":[{"id":18026,"href":"https:\/\/ticketchainer.com\/en\/wp-json\/wp\/v2\/pages\/17466\/revisions\/18026"}],"up":[{"embeddable":true,"href":"https:\/\/ticketchainer.com\/en\/wp-json\/wp\/v2\/pages\/17463"}],"wp:attachment":[{"href":"https:\/\/ticketchainer.com\/en\/wp-json\/wp\/v2\/media?parent=17466"}],"curies":[{"name":"wp","href":"https:\/\/api.w.org\/{rel}","templated":true}]}}