{"id":17490,"date":"2024-10-29T03:05:40","date_gmt":"2024-10-29T02:05:40","guid":{"rendered":"https:\/\/ticketchainer.com?page_id=17490"},"modified":"2025-01-10T04:03:32","modified_gmt":"2025-01-10T03:03:32","slug":"tc-scan","status":"publish","type":"page","link":"https:\/\/ticketchainer.com\/en\/tc-scan\/","title":{"rendered":"TC Scan"},"content":{"rendered":"<div class=\"wpb-content-wrapper\"><div class=\"vc-custom-col-spacing clearfix vc-col-spacing-30\"><section class=\"wpb_row vc_row-fluid row-content-position-Default\"><div class=\"startflow-container\"><div class=\"row-inner clearfix\"><div class=\"wpb_column vc_column_container vc_col-sm-12\"><div class=\"vc_column-inner\"><div class=\"wpb_wrapper\">\r\n\t<div class=\"startflow-spacer clearfix\" data-desktop=\"100\" data-mobi=\"40\" data-smobi=\"40\"><\/div><div class=\"startflow-content-box clearfix\" ><div class=\"vc-custom-col-inner-spacing clearfix vc-col-inner-spacing-30\"><div class=\"wpb_row vc_inner vc_row-fluid\"><div class=\"wpb_column vc_column_container vc_col-sm-4\"><div class=\"vc_column-inner\"><div class=\"wpb_wrapper\"><div class=\"ult-new-ib ult-ib-effect-style2  ult-ib-resp ult-ib2-min-height\" data-min-width=\"768\" data-max-width=\"900\" style=\" opacity:0; \" data-opacity=\"1\" data-hover-opacity=\"1\"  data-min-height=\"450\" ><img decoding=\"async\" class=\"ult-new-ib-img\" style=\"opacity:1;\" alt=\"null\" src=\"https:\/\/ticketchainer.com\/wp-content\/uploads\/2024\/10\/Controle-dacces-mobile-tc-scan.png\"  data-min-height=\"450\"   \/><div id=\"interactive-banner-wrap-6431\" class=\"ult-new-ib-desc\" style=\"\"><h2 class=\"ult-new-ib-title ult-responsive\"  data-ultimate-target='#interactive-banner-wrap-6431 .ult-new-ib-title'  data-responsive-json-new='{\"font-size\":\"desktop:22px;\",\"line-height\":\"\"}'  style=\"font-weight:bold;\">Mobile access control<\/h2><div class=\"ult-new-ib-content ult-responsive\"  data-ultimate-target='#interactive-banner-wrap-6431 .ult-new-ib-content'  data-responsive-json-new='{\"font-size\":\"desktop:16px;\",\"line-height\":\"\"}'  style=\"font-weight:normal;\"><p>Thanks to a solid, proven infrastructure, TC Scan is able to handle a large number of scans in a very short time, even during busy periods.<\/p><a class=\"ult-new-ib-readmore-link\" href=\"https:\/\/ticketchainer.com\/en\/?page_id=17567\" title=\"Mobile access control\"  ><span>Read more<\/span><\/a><\/div><\/div><a class=\"ult-new-ib-link\" href=\"https:\/\/ticketchainer.com\/en\/?page_id=17567\" title=\"Mobile access control\"  ><\/a><\/div><\/div><\/div><\/div><div class=\"wpb_column vc_column_container vc_col-sm-4\"><div class=\"vc_column-inner\"><div class=\"wpb_wrapper\"><div class=\"ult-new-ib ult-ib-effect-style2  ult-ib-resp ult-ib2-min-height\" data-min-width=\"768\" data-max-width=\"900\" style=\" opacity:0; \" data-opacity=\"1\" data-hover-opacity=\"1\"  data-min-height=\"450\" ><img decoding=\"async\" class=\"ult-new-ib-img\" style=\"opacity:1;\" alt=\"null\" src=\"https:\/\/ticketchainer.com\/wp-content\/uploads\/2024\/10\/Integration-partenaires-controle-dacces-fixe-tc-scan.png\"  data-min-height=\"450\"   \/><div id=\"interactive-banner-wrap-8027\" class=\"ult-new-ib-desc\" style=\"\"><h2 class=\"ult-new-ib-title ult-responsive\"  data-ultimate-target='#interactive-banner-wrap-8027 .ult-new-ib-title'  data-responsive-json-new='{\"font-size\":\"desktop:22px;\",\"line-height\":\"\"}'  style=\"font-weight:bold;\">Integration of fixed access control partners<\/h2><div class=\"ult-new-ib-content ult-responsive\"  data-ultimate-target='#interactive-banner-wrap-8027 .ult-new-ib-content'  data-responsive-json-new='{\"font-size\":\"desktop:16px;\",\"line-height\":\"\"}'  style=\"font-weight:normal;\"><p>Ticketchainer works with a vast ecosystem of partners specialized in fixed access control. This expertise enables us to offer a real-time interface between ticketing and fixed access control systems.<\/p><a class=\"ult-new-ib-readmore-link\" href=\"https:\/\/ticketchainer.com\/en\/?page_id=17576\" title=\"Integration of fixed access control partners\"  ><span>Read more<\/span><\/a><\/div><\/div><a class=\"ult-new-ib-link\" href=\"https:\/\/ticketchainer.com\/en\/?page_id=17576\" title=\"Integration of fixed access control partners\"  ><\/a><\/div><\/div><\/div><\/div><div class=\"wpb_column vc_column_container vc_col-sm-4\"><div class=\"vc_column-inner\"><div class=\"wpb_wrapper\"><div class=\"ult-new-ib ult-ib-effect-style2  ult-ib-resp ult-ib2-min-height\" data-min-width=\"768\" data-max-width=\"900\" style=\" opacity:0; \" data-opacity=\"1\" data-hover-opacity=\"1\"  data-min-height=\"450\" ><img decoding=\"async\" class=\"ult-new-ib-img\" style=\"opacity:1;\" alt=\"null\" src=\"https:\/\/ticketchainer.com\/wp-content\/uploads\/2024\/10\/Operations-et-accompagnement-jour-J-tc-scan.png\"  data-min-height=\"450\"   \/><div id=\"interactive-banner-wrap-8549\" class=\"ult-new-ib-desc\" style=\"\"><h2 class=\"ult-new-ib-title ult-responsive\"  data-ultimate-target='#interactive-banner-wrap-8549 .ult-new-ib-title'  data-responsive-json-new='{\"font-size\":\"desktop:22px;\",\"line-height\":\"\"}'  style=\"font-weight:bold;\">D-day operations and support<\/h2><div class=\"ult-new-ib-content ult-responsive\"  data-ultimate-target='#interactive-banner-wrap-8549 .ult-new-ib-content'  data-responsive-json-new='{\"font-size\":\"desktop:16px;\",\"line-height\":\"\"}'  style=\"font-weight:normal;\"><p>Our teams of specialists are trained to intervene on site, whether to configure access control equipment, support physical points of sale, or manage spectator flows in real time.<\/p><a class=\"ult-new-ib-readmore-link\" href=\"https:\/\/ticketchainer.com\/en\/?page_id=17556\" title=\"D-day operations and support\"  ><span>Read more<\/span><\/a><\/div><\/div><a class=\"ult-new-ib-link\" href=\"https:\/\/ticketchainer.com\/en\/?page_id=17556\" title=\"D-day operations and support\"  ><\/a><\/div><\/div><\/div><\/div><\/div><\/div><\/div>\r\n\t<div class=\"startflow-spacer clearfix\" data-desktop=\"100\" data-mobi=\"40\" data-smobi=\"40\"><\/div><\/div><\/div><\/div><\/div><\/div><\/section><\/div><div class=\"vc-custom-col-spacing clearfix vc-col-spacing-30\"><section class=\"wpb_row vc_row-fluid hide-desktop no-padding row-content-position-Default\"><div class=\"row-inner clearfix\"><div class=\"wpb_column vc_column_container vc_col-sm-12\"><div class=\"vc_column-inner\"><div class=\"wpb_wrapper\"><div class=\"startflow-simple-image text-center\" style=\"\" >\r\n\t\t\t<img decoding=\"async\" alt=\"image\" src=\"https:\/\/ticketchainer.com\/wp-content\/uploads\/2024\/10\/Groupe-44523.png\" \/> \r\n\t\t<\/div><\/div><\/div><\/div><\/div><\/section><\/div><div class=\"vc-custom-col-spacing clearfix vc-col-spacing-30\"><section class=\"wpb_row vc_row-fluid bottom-section col-aside-img row-content-position-middle row-equal-height\"><div class=\"image-container img-simple vc_col-sm-6 aside-right\"><div class=\"background-image\" style=\"background-image: url(https:\/\/ticketchainer.com\/wp-content\/uploads\/2024\/10\/Groupe-44523.png);\"><\/div><\/div><div class=\"startflow-container\"><div class=\"row-inner clearfix\"><div class=\"wpb_column vc_column_container vc_col-sm-6\"><div class=\"vc_column-inner\"><div class=\"wpb_wrapper\">\r\n\t<div class=\"startflow-spacer clearfix\" data-desktop=\"80\" data-mobi=\"60\" data-smobi=\"60\"><\/div><div class=\"startflow-headings clearfix\" data-font=\"25\" style=\"\"><h4 class=\"heading clearfix\" style=\"color:#050964;line-height:30px;margin-bottom:12px;font-size:25px;\">\r\n\t\tFind the offer best suited to your needs\r\n\t<\/h4><div class=\"extra-content clearfix\" style=\"\">\r\n\t\t<p>Sports clubs, exhibitors, event organizers, Ticketchainer has the solution you need.<\/p>\n\r\n\t<\/div><\/div>\r\n\t<div class=\"startflow-spacer clearfix\" data-desktop=\"10\" data-mobi=\"10\" data-smobi=\"10\"><\/div><div class=\"button-wrap icon-right\" style=\"\" ><a href=\"https:\/\/form.typeform.com\/to\/OWFbdOl4?typeform-source=ticketchainer.com\" target=\"_blank\" class=\"startflow-button btn-133479163 medium no_icon accent custom\" style=\"border-radius:3px;\"  data-text=\"#ffffff\" data-text-hover=\"#ffffff\" data-background-hover=\"#071e57\">\r\n\t\t<span style=\"\">Request a demo <\/span>\r\n\t<\/a><\/div><div class=\"button-wrap icon-right\" style=\"\" ><a href=\"https:\/\/form.typeform.com\/to\/OWFbdOl4?typeform-source=ticketchainer.com\" target=\"_blank\" class=\"startflow-button btn-2098718413 medium no_icon custom custom\" style=\"border-radius:8px;\"  data-background=\"#ffffff\" data-text=\"#050964\" data-text-hover=\"#ffffff\" data-background-hover=\"#071e57\">\r\n\t\t<span style=\"\">Contact a sales manager <\/span>\r\n\t<\/a><\/div>\r\n\t<div class=\"startflow-spacer clearfix\" data-desktop=\"80\" data-mobi=\"60\" data-smobi=\"60\"><\/div><\/div><\/div><\/div><div class=\"wpb_column vc_column_container vc_col-sm-6\"><div class=\"vc_column-inner\"><div class=\"wpb_wrapper\"><\/div><\/div><\/div><\/div><\/div><\/section><\/div>\n<\/div>","protected":false},"excerpt":{"rendered":"Contr\u00f4le d'acc\u00e8s mobileGr\u00e2ce \u00e0 une infrastructure solide et \u00e9prouv\u00e9e, TC Scan est capable de g\u00e9rer un grand nombre de scans en un temps tr\u00e8s court, m\u00eame lors des p\u00e9riodes de forte affluenceRead moreInt\u00e9gration partenaire contr\u00f4le d\u2019acc\u00e8s fixeTicketchainer collabore avec un vaste \u00e9cosyst\u00e8me de partenaires sp\u00e9cialis\u00e9s dans le contr\u00f4le d\u2019acc\u00e8s fixe.","protected":false},"author":1,"featured_media":0,"parent":0,"menu_order":0,"comment_status":"closed","ping_status":"closed","template":"templates\/page-services.php","meta":{"_seopress_robots_primary_cat":"","_seopress_titles_title":"","_seopress_titles_desc":"","_seopress_robots_index":"","inline_featured_image":false,"footnotes":""},"class_list":["post-17490","page","type-page","status-publish","hentry"],"_links":{"self":[{"href":"https:\/\/ticketchainer.com\/en\/wp-json\/wp\/v2\/pages\/17490","targetHints":{"allow":["GET"]}}],"collection":[{"href":"https:\/\/ticketchainer.com\/en\/wp-json\/wp\/v2\/pages"}],"about":[{"href":"https:\/\/ticketchainer.com\/en\/wp-json\/wp\/v2\/types\/page"}],"author":[{"embeddable":true,"href":"https:\/\/ticketchainer.com\/en\/wp-json\/wp\/v2\/users\/1"}],"replies":[{"embeddable":true,"href":"https:\/\/ticketchainer.com\/en\/wp-json\/wp\/v2\/comments?post=17490"}],"version-history":[{"count":11,"href":"https:\/\/ticketchainer.com\/en\/wp-json\/wp\/v2\/pages\/17490\/revisions"}],"predecessor-version":[{"id":18028,"href":"https:\/\/ticketchainer.com\/en\/wp-json\/wp\/v2\/pages\/17490\/revisions\/18028"}],"wp:attachment":[{"href":"https:\/\/ticketchainer.com\/en\/wp-json\/wp\/v2\/media?parent=17490"}],"curies":[{"name":"wp","href":"https:\/\/api.w.org\/{rel}","templated":true}]}}