{"id":17902,"date":"2024-12-18T23:08:07","date_gmt":"2024-12-18T22:08:07","guid":{"rendered":"https:\/\/ticketchainer.com?page_id=17902"},"modified":"2025-02-22T13:15:52","modified_gmt":"2025-02-22T12:15:52","slug":"mentions-legales","status":"publish","type":"page","link":"https:\/\/ticketchainer.com\/en\/mentions-legales\/","title":{"rendered":"Legal Notice"},"content":{"rendered":"<div class=\"wpb-content-wrapper\"><div class=\"vc-custom-col-spacing clearfix vc-col-spacing-0px\"><section class=\"wpb_row vc_row-fluid vc_custom_1734560016752 vc_row-has-fill row-content-position-Default\"><div class=\"startflow-container\"><div class=\"row-inner clearfix\"><div class=\"wpb_column vc_column_container vc_col-sm-12\"><div class=\"vc_column-inner\"><div class=\"wpb_wrapper\">\r\n\t<div class=\"startflow-spacer clearfix\" data-desktop=\"150\" data-mobi=\"60\" data-smobi=\"60\"><\/div><div class=\"startflow-headings clearfix\" data-font=\"20\" style=\"\"><h4 class=\"heading clearfix\" style=\"color:#050964;line-height:28px;margin-bottom:20px;font-size:20px;\">\r\n\t\tTICKETCHAINER est une soci\u00e9t\u00e9 qui offre aux Organi\u00adsa\u00adteurs d\u2019Ev\u00e9\u00adne\u00adments sportifs la possi\u00adbilit\u00e9 d\u2019\u00c9diter et h\u00e9berger des pages de vente de billetterie en ligne .\r\n\t<\/h4><div class=\"extra-content clearfix\" style=\"\">\r\n\t\t<p><span style=\"color: #050964;\"><strong>D\u00e9nomi\u00adnation :<\/strong><\/span> SASU TICKETCHAINER<\/p>\n<p><span style=\"color: #050964;\"><strong>Si\u00e8ge social :<\/strong><\/span> 46, Avenue Dumotel \u2013 94230 Cachan \u2013 France<\/p>\n<p><strong><span style=\"color: #050964;\">Repr\u00e9\u00adsentant l\u00e9gal :<\/span><\/strong> Sami BOUDEN<\/p>\n<p><span style=\"color: #050964;\"><strong>Directeur de la publi\u00adcation :<\/strong><\/span> Sami BOUDEN<\/p>\n<p><span style=\"color: #050964;\"><strong>H\u00e9bergeur du site ticketchainer.com :<\/strong><\/span> AMAZON AWS, 67 Boulevard du G\u00e9n\u00e9ral Leclerc \u2013 92110 Clichy, France<\/p>\n<p><strong><span style=\"color: #050964;\">Capital social :<\/span><\/strong> 2110,08 \u20ac<\/p>\n<p><span style=\"color: #050964;\"><strong>RCS :<\/strong><\/span> 853 966 539<\/p>\n<p><strong><span style=\"color: #050964;\">N\u00b0 Id. TVA :<\/span><\/strong> FR37853966539<\/p>\n\r\n\t<\/div><\/div>\r\n\t<div class=\"startflow-spacer clearfix\" data-desktop=\"95\" data-mobi=\"50\" data-smobi=\"50\"><\/div><\/div><\/div><\/div><\/div><\/div><\/section><\/div><div class=\"vc-custom-col-spacing clearfix vc-col-spacing-30\"><section class=\"wpb_row vc_row-fluid bottom-section col-aside-img row-content-position-middle row-equal-height\"><div class=\"image-container img-simple vc_col-sm-6 aside-right\"><div class=\"background-image\" style=\"background-image: url(https:\/\/ticketchainer.com\/wp-content\/uploads\/2024\/10\/Groupe-44523.png);\"><\/div><\/div><div class=\"startflow-container\"><div class=\"row-inner clearfix\"><div class=\"wpb_column vc_column_container vc_col-sm-6\"><div class=\"vc_column-inner\"><div class=\"wpb_wrapper\">\r\n\t<div class=\"startflow-spacer clearfix\" data-desktop=\"80\" data-mobi=\"60\" data-smobi=\"60\"><\/div><div class=\"startflow-headings clearfix\" data-font=\"25\" style=\"\"><h4 class=\"heading clearfix\" style=\"color:#050964;line-height:30px;margin-bottom:12px;font-size:25px;\">\r\n\t\tFind the offer best suited to your needs\r\n\t<\/h4><div class=\"extra-content clearfix\" style=\"\">\r\n\t\t<p>Sports clubs, exhibitors, event organizers, Ticketchainer has the solution you need.<\/p>\n\r\n\t<\/div><\/div>\r\n\t<div class=\"startflow-spacer clearfix\" data-desktop=\"10\" data-mobi=\"10\" data-smobi=\"10\"><\/div><div class=\"button-wrap icon-right\" style=\"\" ><a href=\"https:\/\/form.typeform.com\/to\/OWFbdOl4\" target=\"_blank\" class=\"startflow-button btn-641733991 medium no_icon accent custom\" style=\"border-radius:3px;\"  data-text=\"#ffffff\" data-text-hover=\"#ffffff\" data-background-hover=\"#071e57\">\r\n\t\t<span style=\"\">Request a demo <\/span>\r\n\t<\/a><\/div><div class=\"button-wrap icon-right\" style=\"\" ><a href=\"https:\/\/ticketchainer.com\/en\/?page_id=1339\" target=\"_self\" class=\"startflow-button btn-181027525 medium no_icon custom custom\" style=\"border-radius:8px;\"  data-background=\"#ffffff\" data-text=\"#050964\" data-text-hover=\"#ffffff\" data-background-hover=\"#071e57\">\r\n\t\t<span style=\"\">Contact a sales manager <\/span>\r\n\t<\/a><\/div>\r\n\t<div class=\"startflow-spacer clearfix\" data-desktop=\"80\" data-mobi=\"60\" data-smobi=\"60\"><\/div><\/div><\/div><\/div><div class=\"wpb_column vc_column_container vc_col-sm-6\"><div class=\"vc_column-inner\"><div class=\"wpb_wrapper\"><\/div><\/div><\/div><\/div><\/div><\/section><\/div>\n<\/div>","protected":false},"excerpt":{"rendered":"TICKETCHAINER est une soci\u00e9t\u00e9 qui offre aux Organi\u00adsa\u00adteurs d\u2019Ev\u00e9\u00adne\u00adments sportifs la possi\u00adbilit\u00e9 d\u2019\u00c9diter et h\u00e9berger des pages de vente de billetterie en ligne . D\u00e9nomi\u00adnation : SASU TICKETCHAINER Si\u00e8ge social : 46, Avenue Dumotel \u2013 94230 Cachan \u2013 France Repr\u00e9\u00adsentant l\u00e9gal : Sami BOUDEN Directeur de la publi\u00adcation : Sami","protected":false},"author":1,"featured_media":0,"parent":0,"menu_order":0,"comment_status":"closed","ping_status":"closed","template":"","meta":{"_seopress_robots_primary_cat":"","_seopress_titles_title":"","_seopress_titles_desc":"","_seopress_robots_index":"","inline_featured_image":false,"footnotes":""},"class_list":["post-17902","page","type-page","status-publish","hentry"],"_links":{"self":[{"href":"https:\/\/ticketchainer.com\/en\/wp-json\/wp\/v2\/pages\/17902","targetHints":{"allow":["GET"]}}],"collection":[{"href":"https:\/\/ticketchainer.com\/en\/wp-json\/wp\/v2\/pages"}],"about":[{"href":"https:\/\/ticketchainer.com\/en\/wp-json\/wp\/v2\/types\/page"}],"author":[{"embeddable":true,"href":"https:\/\/ticketchainer.com\/en\/wp-json\/wp\/v2\/users\/1"}],"replies":[{"embeddable":true,"href":"https:\/\/ticketchainer.com\/en\/wp-json\/wp\/v2\/comments?post=17902"}],"version-history":[{"count":13,"href":"https:\/\/ticketchainer.com\/en\/wp-json\/wp\/v2\/pages\/17902\/revisions"}],"predecessor-version":[{"id":18050,"href":"https:\/\/ticketchainer.com\/en\/wp-json\/wp\/v2\/pages\/17902\/revisions\/18050"}],"wp:attachment":[{"href":"https:\/\/ticketchainer.com\/en\/wp-json\/wp\/v2\/media?parent=17902"}],"curies":[{"name":"wp","href":"https:\/\/api.w.org\/{rel}","templated":true}]}}