{"id":18182,"date":"2025-05-18T23:37:33","date_gmt":"2025-05-18T21:37:33","guid":{"rendered":"https:\/\/ticketchainer.com\/?page_id=18182"},"modified":"2025-05-20T17:00:16","modified_gmt":"2025-05-20T15:00:16","slug":"solutions-sur-mesure","status":"publish","type":"page","link":"https:\/\/ticketchainer.com\/en\/solutions-sur-mesure\/","title":{"rendered":"Tailor-made solutions"},"content":{"rendered":"<div class=\"wpb-content-wrapper\"><div class=\"vc-custom-col-spacing clearfix vc-col-spacing-0px\"><section class=\"wpb_row vc_row-fluid vc_custom_1734560016752 vc_row-has-fill row-content-position-Default\"><div class=\"startflow-container\"><div class=\"row-inner clearfix\"><div class=\"wpb_column vc_column_container vc_col-sm-12\"><div class=\"vc_column-inner\"><div class=\"wpb_wrapper\">\r\n\t<div class=\"startflow-spacer clearfix\" data-desktop=\"60\" data-mobi=\"60\" data-smobi=\"60\"><\/div><div class=\"startflow-headings clearfix text-center\" data-font=\"20\" style=\"\"><h4 class=\"heading clearfix\" style=\"color:#050964;line-height:28px;margin-bottom:20px;font-size:20px;\">\r\n\t\tYour partner for tailor-made solutions for the world of sport and sports marketing\r\n\t<\/h4><\/div>\r\n\t<div class=\"startflow-spacer clearfix\" data-desktop=\"60\" data-mobi=\"60\" data-smobi=\"60\"><\/div><\/div><\/div><\/div><\/div><\/div><\/section><\/div><div class=\"vc-custom-col-spacing clearfix vc-col-spacing-30\"><section class=\"wpb_row vc_row-fluid home-service-details row-content-position-Default\"><div class=\"startflow-container\"><div class=\"row-inner clearfix\"><div class=\"wpb_column vc_column_container vc_col-sm-12\"><div class=\"vc_column-inner\"><div class=\"wpb_wrapper\"><div class=\"startflow-content-box clearfix\" ><div class=\"vc-custom-col-inner-spacing clearfix vc-col-inner-spacing-30\"><div class=\"wpb_row vc_inner vc_row-fluid reverse-columns image-shadow\"><div class=\"wpb_column vc_column_container vc_col-sm-6\"><div class=\"vc_column-inner\"><div class=\"wpb_wrapper\"><div class=\"startflow-headings clearfix\"  style=\"\"><h2 class=\"heading clearfix\" style=\"color:#246cf1;\">\r\n\t\tOur promise: tailor-made solutions designed to meet your challenges on the ground\r\n\t<\/h2><div class=\"extra-content clearfix\" style=\"\">\r\n\t\t<p>Ticketchainer designs and develops customised digital solutions designed to meet the specific challenges faced by players in the sports sector. We draw on our business and technological expertise, which we have built up by providing support on key issues through audits, definition of the optimum digital ecosystem, prescription and delivery of customised solutions.<\/p>\n\r\n\t<\/div><\/div><\/div><\/div><\/div><div class=\"wpb_column vc_column_container vc_col-sm-6\"><div class=\"vc_column-inner\"><div class=\"wpb_wrapper\"><div class=\"startflow-simple-image text-center\" style=\"\" >\r\n\t\t\t<img decoding=\"async\" alt=\"image\" src=\"https:\/\/ticketchainer.com\/wp-content\/uploads\/2025\/05\/Notre-promesse-des-solutions-sur.png\" \/> \r\n\t\t<\/div><\/div><\/div><\/div><\/div><\/div><\/div>\r\n\t<div class=\"startflow-spacer clearfix\" data-desktop=\"60\" data-mobi=\"45\" data-smobi=\"45\"><\/div><div class=\"startflow-content-box clearfix\" ><div class=\"vc-custom-col-inner-spacing clearfix vc-col-inner-spacing-30\"><div class=\"wpb_row vc_inner vc_row-fluid audit-hightlighted-content\"><div class=\"wpb_column vc_column_container vc_col-sm-12\"><div class=\"vc_column-inner\"><div class=\"wpb_wrapper\"><div class=\"startflow-headings clearfix\" data-font=\"20\" style=\"\"><h4 class=\"heading clearfix\" style=\"color:#050964;line-height:28px;margin-bottom:20px;font-size:20px;\">\r\n\t\tOur value proposition in 5 key points\r\n\t<\/h4><div class=\"extra-content clearfix\" style=\"\">\r\n\t\t<ul>\n<li><strong>Unique sector expertise<\/strong><\/li>\n<\/ul>\n<p>Ticketchainer has been working at the heart of sports organisations for several years, which enables us to understand your strategic challenges, operational constraints and priorities.\u2028<\/p>\n<ul>\n<li><strong>Proven technical skills\u2028<\/strong><\/li>\n<\/ul>\n<p>Our team is a strong advisor and masters cloud environments, scalable architectures, integration with business systems and the development of robust, high-traffic solutions.<\/p>\n<ul>\n<li><strong>A multi-level commitment<\/strong><\/li>\n<\/ul>\n<p>We support you from the stage of understanding your strategic challenges through to the implementation of tailor-made solutions, via the audit, the definition of the optimal ecosystem and the prescription.<\/p>\n<ul>\n<li><strong>Flexibility and agility<\/strong><\/li>\n<\/ul>\n<p>Our agile project mode means we can quickly deliver useful, field-tested features, and respond quickly to your feedback.\u2028<\/p>\n<ul>\n<li><strong>Optimal cost structure<\/strong><\/li>\n<\/ul>\n<p>Our agile organisation and near-shore capabilities result in an attractive pricing policy.<\/p>\n\r\n\t<\/div><\/div><\/div><\/div><\/div><\/div><\/div><\/div>\r\n\t<div class=\"startflow-spacer clearfix\" data-desktop=\"60\" data-mobi=\"45\" data-smobi=\"45\"><\/div><div class=\"startflow-content-box clearfix\" ><div class=\"vc-custom-col-inner-spacing clearfix vc-col-inner-spacing-30\"><div class=\"wpb_row vc_inner vc_row-fluid image-shadow right-content-box\"><div class=\"wpb_column vc_column_container vc_col-sm-6\"><div class=\"vc_column-inner\"><div class=\"wpb_wrapper\"><div class=\"startflow-simple-image text-center\" style=\"\" >\r\n\t\t\t<img decoding=\"async\" alt=\"image\" src=\"https:\/\/ticketchainer.com\/wp-content\/uploads\/2025\/05\/Quelques-exemples-de-projets-realises.png\" \/> \r\n\t\t<\/div><\/div><\/div><\/div><div class=\"wpb_column vc_column_container vc_col-sm-6\"><div class=\"vc_column-inner\"><div class=\"wpb_wrapper\"><div class=\"startflow-headings clearfix\"  style=\"\"><h2 class=\"heading clearfix\" style=\"color:#246cf1;\">\r\n\t\tA few examples of projects completed or in progress\r\n\t<\/h2><div class=\"extra-content clearfix\" style=\"\">\r\n\t\t<ul>\n<li>Portal for managing and automating the distribution of tickets from partnerships with clubs, leagues and competitions<\/li>\n<li>Queuing to manage traffic peaks for online sales<\/li>\n<li>Platform for collecting data via automated prize draw games<\/li>\n<li>Partner portal for the distribution of VIP and hospitality tickets<\/li>\n<li>Internal tools for automating back-office tasks (exports, statistics, CRM synchronisation, etc.)<\/li>\n<li>Access management interface linked to third-party APIs<\/li>\n<\/ul>\n\r\n\t<\/div><\/div><\/div><\/div><\/div><\/div><\/div><\/div>\r\n\t<div class=\"startflow-spacer clearfix\" data-desktop=\"45\" data-mobi=\"30\" data-smobi=\"30\"><\/div>\r\n\t<div class=\"startflow-spacer clearfix\" data-desktop=\"45\" data-mobi=\"30\" data-smobi=\"30\"><\/div><\/div><\/div><\/div><\/div><\/div><\/section><\/div><div class=\"vc-custom-col-spacing clearfix vc-col-spacing-0px\"><section class=\"wpb_row vc_row-fluid audit-hightlighted-content vc_custom_1747604896262 vc_row-has-fill row-content-position-Default\"><div class=\"startflow-container\"><div class=\"row-inner clearfix\"><div class=\"wpb_column vc_column_container vc_col-sm-12\"><div class=\"vc_column-inner\"><div class=\"wpb_wrapper\"><div class=\"startflow-headings clearfix\" data-font=\"20\" style=\"\"><h4 class=\"heading clearfix\" style=\"color:#050964;line-height:28px;margin-bottom:20px;font-size:20px;\">\r\n\t\tAn engagement model based on collaboration and transparency\r\n\t<\/h4><p class=\"sub-heading clearfix\" style=\"font-style:normal;color:#050964;font-size:18px;line-height:29px;\">\r\n\t\tAt Ticketchainer, we believe in a collaborative, transparent and results-oriented approach. Each project is run as a partnership, with a shared desire to deliver value quickly.\r\n\t<\/p><div class=\"extra-content clearfix\" style=\"\">\r\n\t\t<ul>\n<li><strong>Immersion and co-construction<\/strong><\/li>\n<\/ul>\n<p>We start with an in-depth discussion with your business and technical teams. The aim is to understand your context, your operational challenges, your daily irritants and your target vision.\n\nWe organise scoping workshops to formalise the first outlines of the solution together.<\/p>\n<ul>\n<li><strong>Agile scoping and rapid prototyping<\/strong><\/li>\n<\/ul>\n<p>We translate the requirements, which we quickly illustrate with interactive mock-ups or prototypes.\n\nThese initial deliverables enable rapid validation before development.<\/p>\n<ul>\n<li><strong>Iterative development and frequent deliveries<\/strong><\/li>\n<\/ul>\n<p>We work in short sprints (2 weeks), with regular demonstrations and transparency on progress. You are involved at every stage to validate functionalities, adjust priorities and ensure that they meet your real needs.<\/p>\n<ul>\n<li>Acceptance, deployment and support<\/li>\n<\/ul>\n<p>Before going live, we organise a test phase in collaboration with your teams.<\/p>\n<p>We support you during deployment with :<\/p>\n<ol>\n<li>User training tailored to each profile (administrators, agents, sales staff, etc.)<\/li>\n<li>Clear, accessible documentation<\/li>\n<li>Reactive support in the event of questions or changes to be considered.\u2028<\/li>\n<\/ol>\n\r\n\t<\/div><\/div><\/div><\/div><\/div><\/div><\/div><\/section><\/div><div class=\"vc-custom-col-spacing clearfix vc-col-spacing-30\"><section class=\"wpb_row vc_row-fluid row-content-position-Default\"><div class=\"startflow-container\"><div class=\"row-inner clearfix\"><div class=\"wpb_column vc_column_container vc_col-sm-12\"><div class=\"vc_column-inner\"><div class=\"wpb_wrapper\">\r\n\t<div class=\"startflow-spacer clearfix\" data-desktop=\"60\" data-mobi=\"60\" data-smobi=\"60\"><\/div><div class=\"startflow-headings clearfix text-center\"  style=\"\"><h2 class=\"heading clearfix\" style=\"color:#246cf1;\">\r\n\t\tTechnologies and know-how\r\n\t<\/h2><\/div>\r\n\t<div class=\"startflow-spacer clearfix\" data-desktop=\"35\" data-mobi=\"35\" data-smobi=\"35\"><\/div><div class=\"startflow-content-box clearfix\" ><div class=\"vc-custom-col-inner-spacing clearfix vc-col-inner-spacing-30\"><div class=\"wpb_row vc_inner vc_row-fluid audit-icon-content-box\"><div class=\"wpb_column vc_column_container vc_col-sm-3\"><div class=\"vc_column-inner\"><div class=\"wpb_wrapper\"><div class=\"startflow-icon-box clearfix icon-top align-center  simple\" style=\"\" ><div class=\"wrap-inner\" style=\"position: relative;\"><div class=\"image-wrap\" style=\"width:90px;\">\n\t\t\t\t<img decoding=\"async\" alt=\"image\" src=\"https:\/\/ticketchainer.com\/wp-content\/uploads\/2025\/05\/AWS-serverless.png\">\n\t\t\t<\/div> <div class=\"desc\" style=\"color:#0a0e19;font-size:16px;line-height:26px;margin-bottom:34px;\"><p>Environments : AWS serverless, Node.js, Vue.js \/ React, SQL and NoSQL databases<\/p>\n<\/div> <\/div><\/div><\/div><\/div><\/div><div class=\"wpb_column vc_column_container vc_col-sm-3\"><div class=\"vc_column-inner\"><div class=\"wpb_wrapper\"><div class=\"startflow-icon-box clearfix icon-top align-center  simple\" style=\"\" ><div class=\"wrap-inner\" style=\"position: relative;\"><div class=\"image-wrap\" style=\"width:90px;\">\n\t\t\t\t<img decoding=\"async\" alt=\"image\" src=\"https:\/\/ticketchainer.com\/wp-content\/uploads\/2025\/05\/Integration-dAPIs-tierces-CRM-controle-dacces-paiement\u2026.png\">\n\t\t\t<\/div> <div class=\"desc\" style=\"color:#0a0e19;font-size:16px;line-height:26px;margin-bottom:34px;\"><p>Integration of third-party APIs (CRM, access control, payment, etc.)<\/p>\n<\/div> <\/div><\/div><\/div><\/div><\/div><div class=\"wpb_column vc_column_container vc_col-sm-3\"><div class=\"vc_column-inner\"><div class=\"wpb_wrapper\"><div class=\"startflow-icon-box clearfix icon-top align-center  simple\" style=\"\" ><div class=\"wrap-inner\" style=\"position: relative;\"><div class=\"image-wrap\" style=\"width:90px;\">\n\t\t\t\t<img decoding=\"async\" alt=\"image\" src=\"https:\/\/ticketchainer.com\/wp-content\/uploads\/2025\/05\/Gestion-des-droits-et-securite.png\">\n\t\t\t<\/div> <div class=\"desc\" style=\"color:#0a0e19;font-size:16px;line-height:26px;margin-bottom:34px;\"><p>Rights management and security<\/p>\n<\/div> <\/div><\/div><\/div><\/div><\/div><div class=\"wpb_column vc_column_container vc_col-sm-3\"><div class=\"vc_column-inner\"><div class=\"wpb_wrapper\"><div class=\"startflow-icon-box clearfix icon-top align-center  simple\" style=\"\" ><div class=\"wrap-inner\" style=\"position: relative;\"><div class=\"image-wrap\" style=\"width:90px;\">\n\t\t\t\t<img decoding=\"async\" alt=\"image\" src=\"https:\/\/ticketchainer.com\/wp-content\/uploads\/2025\/05\/UX-UI-orientee-utilisateurs-metiers.png\">\n\t\t\t<\/div> <div class=\"desc\" style=\"color:#0a0e19;font-size:16px;line-height:26px;margin-bottom:34px;\"><p>Business-user oriented UX\/UI<\/p>\n<\/div> <\/div><\/div><\/div><\/div><\/div><\/div><\/div><\/div><\/div><\/div><\/div><\/div><\/div><\/section><\/div><div class=\"vc-custom-col-spacing clearfix vc-col-spacing-30\"><section id=\"partners-section\" class=\"wpb_row vc_row-fluid row-content-position-Default\"><div class=\"startflow-container\"><div class=\"row-inner clearfix\"><div class=\"wpb_column vc_column_container vc_col-sm-12\"><div class=\"vc_column-inner\"><div class=\"wpb_wrapper\">\r\n\t<div class=\"startflow-spacer clearfix\" data-desktop=\"60\" data-mobi=\"60\" data-smobi=\"60\"><\/div><div class=\"startflow-headings clearfix text-center\"  style=\"\"><h2 class=\"heading clearfix\" style=\"color:#246cf1;\">\r\n\t\tOur Partners\r\n\t<\/h2><\/div>\r\n\t<div class=\"startflow-spacer clearfix\" data-desktop=\"35\" data-mobi=\"35\" data-smobi=\"35\"><\/div><div class=\"startflow-content-box clearfix\" ><div class=\"vc-custom-col-inner-spacing clearfix vc-col-inner-spacing-30\"><div class=\"wpb_row vc_inner vc_row-fluid\"><div class=\"wpb_column vc_column_container vc_col-sm-3\"><div class=\"vc_column-inner\"><div class=\"wpb_wrapper\"><\/div><\/div><\/div><div class=\"wpb_column vc_column_container vc_col-sm-3\"><div class=\"vc_column-inner\"><div class=\"wpb_wrapper\"><div class=\"startflow-simple-image text-center\" style=\"\" >\r\n\t\t\t<img decoding=\"async\" alt=\"image\" src=\"https:\/\/ticketchainer.com\/wp-content\/uploads\/2025\/05\/Logo_Betclic.png\" \/> \r\n\t\t<\/div><\/div><\/div><\/div><div class=\"wpb_column vc_column_container vc_col-sm-3\"><div class=\"vc_column-inner\"><div class=\"wpb_wrapper\"><div class=\"startflow-simple-image text-center\" style=\"\" >\r\n\t\t\t<img decoding=\"async\" alt=\"image\" src=\"https:\/\/ticketchainer.com\/wp-content\/uploads\/2025\/05\/Logo_Eventeam-Live.svg\" \/> \r\n\t\t<\/div><\/div><\/div><\/div><div class=\"wpb_column vc_column_container vc_col-sm-3\"><div class=\"vc_column-inner\"><div class=\"wpb_wrapper\"><\/div><\/div><\/div><\/div><\/div><\/div>\r\n\t<div class=\"startflow-spacer clearfix\" data-desktop=\"90\" data-mobi=\"60\" data-smobi=\"60\"><\/div><\/div><\/div><\/div><\/div><\/div><\/section><\/div><div class=\"vc-custom-col-spacing clearfix vc-col-spacing-30\"><section class=\"wpb_row vc_row-fluid bottom-section col-aside-img row-content-position-middle row-equal-height\"><div class=\"image-container img-simple vc_col-sm-6 aside-right\"><div class=\"background-image\" style=\"background-image: url(https:\/\/ticketchainer.com\/wp-content\/uploads\/2024\/10\/Groupe-44523.png);\"><\/div><\/div><div class=\"startflow-container\"><div class=\"row-inner clearfix\"><div class=\"wpb_column vc_column_container vc_col-sm-6\"><div class=\"vc_column-inner\"><div class=\"wpb_wrapper\">\r\n\t<div class=\"startflow-spacer clearfix\" data-desktop=\"80\" data-mobi=\"60\" data-smobi=\"60\"><\/div><div class=\"startflow-headings clearfix\" data-font=\"25\" style=\"\"><h4 class=\"heading clearfix\" style=\"color:#050964;line-height:30px;margin-bottom:12px;font-size:25px;\">\r\n\t\tFind the offer best suited to your needs\r\n\t<\/h4><div class=\"extra-content clearfix\" style=\"\">\r\n\t\t<p>Sports clubs, exhibitors, event organizers, Ticketchainer has the solution you need.<\/p>\n\r\n\t<\/div><\/div>\r\n\t<div class=\"startflow-spacer clearfix\" data-desktop=\"10\" data-mobi=\"10\" data-smobi=\"10\"><\/div><div class=\"button-wrap icon-right\" style=\"\" ><a href=\"https:\/\/form.typeform.com\/to\/OWFbdOl4?typeform-source=ticketchainer.com\" target=\"_blank\" class=\"startflow-button btn-1584584636 medium no_icon accent custom\" style=\"border-radius:3px;\"  data-text=\"#ffffff\" data-text-hover=\"#ffffff\" data-background-hover=\"#071e57\">\r\n\t\t<span style=\"\">Request a demo <\/span>\r\n\t<\/a><\/div>\r\n\t<div class=\"startflow-spacer clearfix\" data-desktop=\"5\" data-mobi=\"5\" data-smobi=\"5\"><\/div><div class=\"button-wrap icon-right\" style=\"\" ><a href=\"https:\/\/form.typeform.com\/to\/OWFbdOl4?typeform-source=ticketchainer.com\" target=\"_blank\" class=\"startflow-button btn-512363610 medium no_icon custom custom\" style=\"border-radius:8px;\"  data-background=\"#ffffff\" data-text=\"#050964\" data-text-hover=\"#ffffff\" data-background-hover=\"#071e57\">\r\n\t\t<span style=\"\">Contact a sales manager <\/span>\r\n\t<\/a><\/div>\r\n\t<div class=\"startflow-spacer clearfix\" data-desktop=\"80\" data-mobi=\"60\" data-smobi=\"60\"><\/div><\/div><\/div><\/div><div class=\"wpb_column vc_column_container vc_col-sm-6\"><div class=\"vc_column-inner\"><div class=\"wpb_wrapper\"><\/div><\/div><\/div><\/div><\/div><\/section><\/div>\n<\/div>","protected":false},"excerpt":{"rendered":"Votre partenaire de solutions sur mesure pour le monde du sport et marketing sportif Notre promesse : des solutions sur mesure, pens\u00e9es pour vos enjeux terrain Ticketchainer con\u00e7oit et d\u00e9veloppe des solutions digitales personnalis\u00e9es, pens\u00e9es pour r\u00e9pondre aux d\u00e9fis sp\u00e9cifiques des acteurs du sport en nous appuyant sur notre expertise","protected":false},"author":1,"featured_media":0,"parent":0,"menu_order":0,"comment_status":"closed","ping_status":"closed","template":"","meta":{"_seopress_robots_primary_cat":"","_seopress_titles_title":"","_seopress_titles_desc":"","_seopress_robots_index":"","inline_featured_image":false,"footnotes":""},"class_list":["post-18182","page","type-page","status-publish","hentry"],"_links":{"self":[{"href":"https:\/\/ticketchainer.com\/en\/wp-json\/wp\/v2\/pages\/18182","targetHints":{"allow":["GET"]}}],"collection":[{"href":"https:\/\/ticketchainer.com\/en\/wp-json\/wp\/v2\/pages"}],"about":[{"href":"https:\/\/ticketchainer.com\/en\/wp-json\/wp\/v2\/types\/page"}],"author":[{"embeddable":true,"href":"https:\/\/ticketchainer.com\/en\/wp-json\/wp\/v2\/users\/1"}],"replies":[{"embeddable":true,"href":"https:\/\/ticketchainer.com\/en\/wp-json\/wp\/v2\/comments?post=18182"}],"version-history":[{"count":26,"href":"https:\/\/ticketchainer.com\/en\/wp-json\/wp\/v2\/pages\/18182\/revisions"}],"predecessor-version":[{"id":18221,"href":"https:\/\/ticketchainer.com\/en\/wp-json\/wp\/v2\/pages\/18182\/revisions\/18221"}],"wp:attachment":[{"href":"https:\/\/ticketchainer.com\/en\/wp-json\/wp\/v2\/media?parent=18182"}],"curies":[{"name":"wp","href":"https:\/\/api.w.org\/{rel}","templated":true}]}}